{"id":690,"date":"2022-09-07T15:51:11","date_gmt":"2022-09-07T15:51:11","guid":{"rendered":"https:\/\/institutobrotar.org.br\/?page_id=690"},"modified":"2026-02-27T18:05:16","modified_gmt":"2026-02-27T18:05:16","slug":"sua-nota-tem-valor","status":"publish","type":"page","link":"https:\/\/institutobrotar.org.br\/index.php\/sua-nota-tem-valor\/","title":{"rendered":"Sua nota tem valor"},"content":{"rendered":"\t\t<div data-elementor-type=\"wp-page\" data-elementor-id=\"690\" class=\"elementor elementor-690\" data-elementor-settings=\"{&quot;element_pack_global_tooltip_width&quot;:{&quot;unit&quot;:&quot;px&quot;,&quot;size&quot;:&quot;&quot;,&quot;sizes&quot;:[]},&quot;element_pack_global_tooltip_width_tablet&quot;:{&quot;unit&quot;:&quot;px&quot;,&quot;size&quot;:&quot;&quot;,&quot;sizes&quot;:[]},&quot;element_pack_global_tooltip_width_mobile&quot;:{&quot;unit&quot;:&quot;px&quot;,&quot;size&quot;:&quot;&quot;,&quot;sizes&quot;:[]},&quot;element_pack_global_tooltip_padding&quot;:{&quot;unit&quot;:&quot;px&quot;,&quot;top&quot;:&quot;&quot;,&quot;right&quot;:&quot;&quot;,&quot;bottom&quot;:&quot;&quot;,&quot;left&quot;:&quot;&quot;,&quot;isLinked&quot;:true},&quot;element_pack_global_tooltip_padding_tablet&quot;:{&quot;unit&quot;:&quot;px&quot;,&quot;top&quot;:&quot;&quot;,&quot;right&quot;:&quot;&quot;,&quot;bottom&quot;:&quot;&quot;,&quot;left&quot;:&quot;&quot;,&quot;isLinked&quot;:true},&quot;element_pack_global_tooltip_padding_mobile&quot;:{&quot;unit&quot;:&quot;px&quot;,&quot;top&quot;:&quot;&quot;,&quot;right&quot;:&quot;&quot;,&quot;bottom&quot;:&quot;&quot;,&quot;left&quot;:&quot;&quot;,&quot;isLinked&quot;:true},&quot;element_pack_global_tooltip_border_radius&quot;:{&quot;unit&quot;:&quot;px&quot;,&quot;top&quot;:&quot;&quot;,&quot;right&quot;:&quot;&quot;,&quot;bottom&quot;:&quot;&quot;,&quot;left&quot;:&quot;&quot;,&quot;isLinked&quot;:true},&quot;element_pack_global_tooltip_border_radius_tablet&quot;:{&quot;unit&quot;:&quot;px&quot;,&quot;top&quot;:&quot;&quot;,&quot;right&quot;:&quot;&quot;,&quot;bottom&quot;:&quot;&quot;,&quot;left&quot;:&quot;&quot;,&quot;isLinked&quot;:true},&quot;element_pack_global_tooltip_border_radius_mobile&quot;:{&quot;unit&quot;:&quot;px&quot;,&quot;top&quot;:&quot;&quot;,&quot;right&quot;:&quot;&quot;,&quot;bottom&quot;:&quot;&quot;,&quot;left&quot;:&quot;&quot;,&quot;isLinked&quot;:true}}\" data-elementor-post-type=\"page\">\n\t\t\t\t\t\t<section class=\"elementor-section elementor-top-section elementor-element elementor-element-1c58a0f elementor-section-content-middle elementor-section-boxed elementor-section-height-default elementor-section-height-default\" data-id=\"1c58a0f\" data-element_type=\"section\">\n\t\t\t\t\t\t<div class=\"elementor-container elementor-column-gap-narrow\">\n\t\t\t\t\t<div class=\"elementor-column elementor-col-100 elementor-top-column elementor-element elementor-element-557b9f8\" data-id=\"557b9f8\" data-element_type=\"column\">\n\t\t\t<div class=\"elementor-widget-wrap elementor-element-populated\">\n\t\t\t\t\t\t<div class=\"elementor-element elementor-element-7a04893 elementor-widget elementor-widget-heading\" data-id=\"7a04893\" data-element_type=\"widget\" data-widget_type=\"heading.default\">\n\t\t\t\t<div class=\"elementor-widget-container\">\n\t\t\t\t\t<h2 class=\"elementor-heading-title elementor-size-default\">RECEBA BENEF\u00cdCIOS COM O PROGRAMA SUA\n NOTA TEM VALOR<\/h2>\t\t\t\t<\/div>\n\t\t\t\t<\/div>\n\t\t\t\t\t<\/div>\n\t\t<\/div>\n\t\t\t\t\t<\/div>\n\t\t<\/section>\n\t\t\t\t<section class=\"elementor-section elementor-top-section elementor-element elementor-element-ed77337 elementor-section-boxed elementor-section-height-default elementor-section-height-default\" data-id=\"ed77337\" data-element_type=\"section\">\n\t\t\t\t\t\t<div class=\"elementor-container elementor-column-gap-default\">\n\t\t\t\t\t<div class=\"elementor-column elementor-col-100 elementor-top-column elementor-element elementor-element-4f8b23b\" data-id=\"4f8b23b\" data-element_type=\"column\">\n\t\t\t<div class=\"elementor-widget-wrap elementor-element-populated\">\n\t\t\t\t\t\t<div class=\"elementor-element elementor-element-72edd53 elementor-widget elementor-widget-text-editor\" data-id=\"72edd53\" data-element_type=\"widget\" data-widget_type=\"text-editor.default\">\n\t\t\t\t<div class=\"elementor-widget-container\">\n\t\t\t\t\t\t\t\t\t<p style=\"text-align: center;\" data-start=\"134\" data-end=\"312\">O <strong data-start=\"136\" data-end=\"158\">Sua Nota Tem Valor<\/strong> \u00e9 um programa do Governo do Estado que estimula a cidadania fiscal, incentivando os consumidores a solicitarem o CPF na nota fiscal no momento da compra.<\/p><p style=\"text-align: center;\" data-start=\"314\" data-end=\"555\">Ao incluir o CPF, o participante acumula pontos e pode indicar uma institui\u00e7\u00e3o social para receber parte dos recursos arrecadados. Dessa forma, as compras do dia a dia se transformam em apoio para projetos sociais, ambientais e comunit\u00e1rios.<\/p><p style=\"text-align: center;\" data-start=\"557\" data-end=\"747\">Ao escolher o Instituto Brotar como <span style=\"text-decoration: underline;\">institui\u00e7\u00e3o favorita<\/span> no programa, voc\u00ea contribui diretamente para o fortalecimento das nossas a\u00e7\u00f5es no Cear\u00e1<span style=\"font-style: inherit; font-weight: inherit; letter-spacing: 0.01em;\">, <strong>sem pagar nada a mais por isso<\/strong>.<\/span><\/p><p style=\"text-align: center;\" data-start=\"749\" data-end=\"793\">Um gesto simples que gera impacto real. Abaixo tem os principais benef\u00edcios de se cadastrar.<\/p>\t\t\t\t\t\t\t\t<\/div>\n\t\t\t\t<\/div>\n\t\t\t\t<section class=\"elementor-section elementor-inner-section elementor-element elementor-element-a6fd901 elementor-section-boxed elementor-section-height-default elementor-section-height-default\" data-id=\"a6fd901\" data-element_type=\"section\">\n\t\t\t\t\t\t<div class=\"elementor-container elementor-column-gap-default\">\n\t\t\t\t\t<div class=\"elementor-column elementor-col-25 elementor-inner-column elementor-element elementor-element-c14d814 elementor-invisible\" data-id=\"c14d814\" data-element_type=\"column\" data-settings=\"{&quot;background_background&quot;:&quot;classic&quot;,&quot;animation&quot;:&quot;fadeInDown&quot;}\">\n\t\t\t<div class=\"elementor-widget-wrap elementor-element-populated\">\n\t\t\t\t\t<div class=\"elementor-background-overlay\"><\/div>\n\t\t\t\t\t\t<div class=\"elementor-element elementor-element-48d3c65 elementor-widget elementor-widget-text-editor\" data-id=\"48d3c65\" data-element_type=\"widget\" data-widget_type=\"text-editor.default\">\n\t\t\t\t<div class=\"elementor-widget-container\">\n\t\t\t\t\t\t\t\t\t<p>Voc\u00ea concorre a pr\u00eamios todo m\u00eas! S\u00e3o 5 pr\u00eamios de 5 mil reais por regi\u00e3o, e um pr\u00eamio geral\u00a0 no valor de 25 mil reais.<\/p>\t\t\t\t\t\t\t\t<\/div>\n\t\t\t\t<\/div>\n\t\t\t\t\t<\/div>\n\t\t<\/div>\n\t\t\t\t<div class=\"elementor-column elementor-col-25 elementor-inner-column elementor-element elementor-element-0f6a230 elementor-invisible\" data-id=\"0f6a230\" data-element_type=\"column\" data-settings=\"{&quot;background_background&quot;:&quot;classic&quot;,&quot;animation&quot;:&quot;fadeInDown&quot;}\">\n\t\t\t<div class=\"elementor-widget-wrap elementor-element-populated\">\n\t\t\t\t\t\t<div class=\"elementor-element elementor-element-a3d8a5c elementor-widget elementor-widget-text-editor\" data-id=\"a3d8a5c\" data-element_type=\"widget\" data-widget_type=\"text-editor.default\">\n\t\t\t\t<div class=\"elementor-widget-container\">\n\t\t\t\t\t\t\t\t\t<p>Voc\u00ea ganha um desconto de at\u00e9 5% no IPVA.<\/p>\t\t\t\t\t\t\t\t<\/div>\n\t\t\t\t<\/div>\n\t\t\t\t\t<\/div>\n\t\t<\/div>\n\t\t\t\t<div class=\"elementor-column elementor-col-25 elementor-inner-column elementor-element elementor-element-fcf72aa elementor-invisible\" data-id=\"fcf72aa\" data-element_type=\"column\" data-settings=\"{&quot;background_background&quot;:&quot;classic&quot;,&quot;animation&quot;:&quot;fadeInDown&quot;}\">\n\t\t\t<div class=\"elementor-widget-wrap elementor-element-populated\">\n\t\t\t\t\t\t<div class=\"elementor-element elementor-element-2993ace elementor-widget elementor-widget-text-editor\" data-id=\"2993ace\" data-element_type=\"widget\" data-widget_type=\"text-editor.default\">\n\t\t\t\t<div class=\"elementor-widget-container\">\n\t\t\t\t\t\t\t\t\t<p>Voc\u00ea ajudar o Instituto Brotar\u00a0sem gastar nem um real! Basta pedir o CPF na Nota Fiscal sempre que for fazer uma compra.<\/p>\t\t\t\t\t\t\t\t<\/div>\n\t\t\t\t<\/div>\n\t\t\t\t\t<\/div>\n\t\t<\/div>\n\t\t\t\t<div class=\"elementor-column elementor-col-25 elementor-inner-column elementor-element elementor-element-c19d922 elementor-invisible\" data-id=\"c19d922\" data-element_type=\"column\" data-settings=\"{&quot;background_background&quot;:&quot;classic&quot;,&quot;animation&quot;:&quot;fadeInDown&quot;}\">\n\t\t\t<div class=\"elementor-widget-wrap elementor-element-populated\">\n\t\t\t\t\t\t<div class=\"elementor-element elementor-element-b28db6b elementor-widget elementor-widget-text-editor\" data-id=\"b28db6b\" data-element_type=\"widget\" data-widget_type=\"text-editor.default\">\n\t\t\t\t<div class=\"elementor-widget-container\">\n\t\t\t\t\t\t\t\t\t<p>Voc\u00ea pode consultar suas Notas Fiscais no site ou aplicativo sempre que quiser! Elas ficam salvas no sistema.<\/p>\t\t\t\t\t\t\t\t<\/div>\n\t\t\t\t<\/div>\n\t\t\t\t\t<\/div>\n\t\t<\/div>\n\t\t\t\t\t<\/div>\n\t\t<\/section>\n\t\t\t\t\t<\/div>\n\t\t<\/div>\n\t\t\t\t\t<\/div>\n\t\t<\/section>\n\t\t<div class=\"elementor-element elementor-element-fd475e6 e-flex e-con-boxed e-con e-parent\" data-id=\"fd475e6\" data-element_type=\"container\">\n\t\t\t\t\t<div class=\"e-con-inner\">\n\t\t<div class=\"elementor-element elementor-element-f02e6c8 e-con-full e-flex e-con e-child\" data-id=\"f02e6c8\" data-element_type=\"container\">\n\t\t\t\t<div class=\"elementor-element elementor-element-9fb2741 elementor-widget elementor-widget-image\" data-id=\"9fb2741\" data-element_type=\"widget\" data-widget_type=\"image.default\">\n\t\t\t\t<div class=\"elementor-widget-container\">\n\t\t\t\t\t\t\t\t\t\t\t\t\t\t\t<img fetchpriority=\"high\" decoding=\"async\" width=\"800\" height=\"800\" src=\"https:\/\/institutobrotar.org.br\/wp-content\/uploads\/2026\/02\/suanotatemvalor.jpg\" class=\"attachment-large size-large wp-image-3724\" alt=\"\" srcset=\"https:\/\/institutobrotar.org.br\/wp-content\/uploads\/2026\/02\/suanotatemvalor.jpg 800w, https:\/\/institutobrotar.org.br\/wp-content\/uploads\/2026\/02\/suanotatemvalor-300x300.jpg 300w, https:\/\/institutobrotar.org.br\/wp-content\/uploads\/2026\/02\/suanotatemvalor-150x150.jpg 150w, https:\/\/institutobrotar.org.br\/wp-content\/uploads\/2026\/02\/suanotatemvalor-768x768.jpg 768w\" sizes=\"(max-width: 800px) 100vw, 800px\" \/>\t\t\t\t\t\t\t\t\t\t\t\t\t\t\t<\/div>\n\t\t\t\t<\/div>\n\t\t\t\t<\/div>\n\t\t<div class=\"elementor-element elementor-element-6deb1c9 e-con-full e-flex e-con e-child\" data-id=\"6deb1c9\" data-element_type=\"container\">\n\t\t\t\t<div class=\"elementor-element elementor-element-1fda948 elementor-widget elementor-widget-heading\" data-id=\"1fda948\" data-element_type=\"widget\" data-widget_type=\"heading.default\">\n\t\t\t\t<div class=\"elementor-widget-container\">\n\t\t\t\t\t<h2 class=\"elementor-heading-title elementor-size-default\">Sua nota vale mais do que voc\u00ea imagina<\/h2>\t\t\t\t<\/div>\n\t\t\t\t<\/div>\n\t\t\t\t<div class=\"elementor-element elementor-element-6f9465a elementor-align-center elementor-mobile-align-center elementor-widget elementor-widget-button\" data-id=\"6f9465a\" data-element_type=\"widget\" data-widget_type=\"button.default\">\n\t\t\t\t<div class=\"elementor-widget-container\">\n\t\t\t\t\t\t\t\t\t<div class=\"elementor-button-wrapper\">\n\t\t\t\t\t<a class=\"elementor-button elementor-button-link elementor-size-sm\" href=\"https:\/\/suanotatemvalor.sefaz.ce.gov.br\/app\/#\/login\">\n\t\t\t\t\t\t<span class=\"elementor-button-content-wrapper\">\n\t\t\t\t\t\t<span class=\"elementor-button-icon\">\n\t\t\t\t<i aria-hidden=\"true\" class=\"fab fa-wpforms\"><\/i>\t\t\t<\/span>\n\t\t\t\t\t\t\t\t\t<span class=\"elementor-button-text\">CADASTRE-SE<\/span>\n\t\t\t\t\t<\/span>\n\t\t\t\t\t<\/a>\n\t\t\t\t<\/div>\n\t\t\t\t\t\t\t\t<\/div>\n\t\t\t\t<\/div>\n\t\t\t\t<div class=\"elementor-element elementor-element-9522468 elementor-widget elementor-widget-text-editor\" data-id=\"9522468\" data-element_type=\"widget\" data-widget_type=\"text-editor.default\">\n\t\t\t\t<div class=\"elementor-widget-container\">\n\t\t\t\t\t\t\t\t\t<p data-start=\"56\" data-end=\"218\">Ao colocar o CPF na nota, voc\u00ea apoia projetos do Instituto Brotar sem pagar nada a mais.<\/p>\t\t\t\t\t\t\t\t<\/div>\n\t\t\t\t<\/div>\n\t\t\t\t<\/div>\n\t\t\t\t\t<\/div>\n\t\t\t\t<\/div>\n\t\t<div class=\"elementor-element elementor-element-7e3e70b e-con-full e-flex e-con e-parent\" data-id=\"7e3e70b\" data-element_type=\"container\">\n\t\t<div class=\"elementor-element elementor-element-1ac93d4 e-con-full e-flex e-con e-child\" data-id=\"1ac93d4\" data-element_type=\"container\" data-settings=\"{&quot;background_background&quot;:&quot;classic&quot;}\">\n\t\t\t\t<div class=\"elementor-element elementor-element-d7bb858 elementor-widget elementor-widget-heading\" data-id=\"d7bb858\" data-element_type=\"widget\" data-widget_type=\"heading.default\">\n\t\t\t\t<div class=\"elementor-widget-container\">\n\t\t\t\t\t<h2 class=\"elementor-heading-title elementor-size-default\">QUERO ME INSCREVER<\/h2>\t\t\t\t<\/div>\n\t\t\t\t<\/div>\n\t\t\t\t<div class=\"elementor-element elementor-element-9be767c elementor-align-center elementor-mobile-align-center elementor-widget elementor-widget-button\" data-id=\"9be767c\" data-element_type=\"widget\" data-widget_type=\"button.default\">\n\t\t\t\t<div class=\"elementor-widget-container\">\n\t\t\t\t\t\t\t\t\t<div class=\"elementor-button-wrapper\">\n\t\t\t\t\t<a class=\"elementor-button elementor-button-link elementor-size-sm\" href=\"https:\/\/suanotatemvalor.sefaz.ce.gov.br\/app\/#\/login\">\n\t\t\t\t\t\t<span class=\"elementor-button-content-wrapper\">\n\t\t\t\t\t\t<span class=\"elementor-button-icon\">\n\t\t\t\t<i aria-hidden=\"true\" class=\"fab fa-wpforms\"><\/i>\t\t\t<\/span>\n\t\t\t\t\t\t\t\t\t<span class=\"elementor-button-text\">CADASTRE-SE<\/span>\n\t\t\t\t\t<\/span>\n\t\t\t\t\t<\/a>\n\t\t\t\t<\/div>\n\t\t\t\t\t\t\t\t<\/div>\n\t\t\t\t<\/div>\n\t\t\t\t<\/div>\n\t\t\t\t<\/div>\n\t\t<div class=\"elementor-element elementor-element-60d9ee9 e-flex e-con-boxed e-con e-parent\" data-id=\"60d9ee9\" data-element_type=\"container\">\n\t\t\t\t\t<div class=\"e-con-inner\">\n\t\t\t\t<div class=\"elementor-element elementor-element-d080c2e elementor-widget elementor-widget-image\" data-id=\"d080c2e\" data-element_type=\"widget\" data-widget_type=\"image.default\">\n\t\t\t\t<div class=\"elementor-widget-container\">\n\t\t\t\t\t\t\t\t\t\t\t\t\t\t\t<img decoding=\"async\" width=\"786\" height=\"541\" src=\"https:\/\/institutobrotar.org.br\/wp-content\/uploads\/2022\/09\/WhatsApp-Image-2022-09-07-at-12.26.11.jpeg\" class=\"attachment-large size-large wp-image-689\" alt=\"\" srcset=\"https:\/\/institutobrotar.org.br\/wp-content\/uploads\/2022\/09\/WhatsApp-Image-2022-09-07-at-12.26.11.jpeg 786w, https:\/\/institutobrotar.org.br\/wp-content\/uploads\/2022\/09\/WhatsApp-Image-2022-09-07-at-12.26.11-300x206.jpeg 300w, https:\/\/institutobrotar.org.br\/wp-content\/uploads\/2022\/09\/WhatsApp-Image-2022-09-07-at-12.26.11-768x529.jpeg 768w\" sizes=\"(max-width: 786px) 100vw, 786px\" \/>\t\t\t\t\t\t\t\t\t\t\t\t\t\t\t<\/div>\n\t\t\t\t<\/div>\n\t\t\t\t\t<\/div>\n\t\t\t\t<\/div>\n\t\t<div class=\"elementor-element elementor-element-d98172a e-con-full e-flex e-con e-parent\" data-id=\"d98172a\" data-element_type=\"container\">\n\t\t<div class=\"elementor-element elementor-element-bdebb7c e-con-full e-flex e-con e-child\" data-id=\"bdebb7c\" data-element_type=\"container\" data-settings=\"{&quot;background_background&quot;:&quot;classic&quot;}\">\n\t\t\t\t<div class=\"elementor-element elementor-element-37aaee6 elementor-widget elementor-widget-heading\" data-id=\"37aaee6\" data-element_type=\"widget\" data-widget_type=\"heading.default\">\n\t\t\t\t<div class=\"elementor-widget-container\">\n\t\t\t\t\t<h2 class=\"elementor-heading-title elementor-size-default\">QUERO AJUDAR O INSTITUTO DIRETAMENTE<\/h2>\t\t\t\t<\/div>\n\t\t\t\t<\/div>\n\t\t\t\t<div class=\"elementor-element elementor-element-9ccd634 elementor-align-center elementor-mobile-align-center elementor-widget elementor-widget-button\" data-id=\"9ccd634\" data-element_type=\"widget\" data-widget_type=\"button.default\">\n\t\t\t\t<div class=\"elementor-widget-container\">\n\t\t\t\t\t\t\t\t\t<div class=\"elementor-button-wrapper\">\n\t\t\t\t\t<a class=\"elementor-button elementor-button-link elementor-size-sm\" href=\"https:\/\/institutobrotar.org.br\/index.php\/doe-agora\">\n\t\t\t\t\t\t<span class=\"elementor-button-content-wrapper\">\n\t\t\t\t\t\t<span class=\"elementor-button-icon\">\n\t\t\t\t<i aria-hidden=\"true\" class=\"fas fa-hand-holding-heart\"><\/i>\t\t\t<\/span>\n\t\t\t\t\t\t\t\t\t<span class=\"elementor-button-text\">DOE AGORA<\/span>\n\t\t\t\t\t<\/span>\n\t\t\t\t\t<\/a>\n\t\t\t\t<\/div>\n\t\t\t\t\t\t\t\t<\/div>\n\t\t\t\t<\/div>\n\t\t\t\t<\/div>\n\t\t\t\t<\/div>\n\t\t<div class=\"elementor-element elementor-element-30ec72a e-flex e-con-boxed e-con e-parent\" data-id=\"30ec72a\" data-element_type=\"container\">\n\t\t\t\t\t<div class=\"e-con-inner\">\n\t\t\t\t<div class=\"elementor-element elementor-element-a883e76 elementor-widget elementor-widget-image\" data-id=\"a883e76\" data-element_type=\"widget\" data-widget_type=\"image.default\">\n\t\t\t\t<div class=\"elementor-widget-container\">\n\t\t\t\t\t\t\t\t\t\t\t\t\t\t\t<img decoding=\"async\" width=\"768\" height=\"146\" src=\"https:\/\/institutobrotar.org.br\/wp-content\/uploads\/2026\/02\/logos-768x146.jpg\" class=\"attachment-medium_large size-medium_large wp-image-3729\" alt=\"\" srcset=\"https:\/\/institutobrotar.org.br\/wp-content\/uploads\/2026\/02\/logos-768x146.jpg 768w, https:\/\/institutobrotar.org.br\/wp-content\/uploads\/2026\/02\/logos-300x57.jpg 300w, https:\/\/institutobrotar.org.br\/wp-content\/uploads\/2026\/02\/logos.jpg 800w\" sizes=\"(max-width: 768px) 100vw, 768px\" \/>\t\t\t\t\t\t\t\t\t\t\t\t\t\t\t<\/div>\n\t\t\t\t<\/div>\n\t\t\t\t\t<\/div>\n\t\t\t\t<\/div>\n\t\t\t\t<\/div>\n\t\t","protected":false},"excerpt":{"rendered":"<p>RECEBA BENEF\u00cdCIOS COM O PROGRAMA SUA NOTA TEM VALOR O Sua Nota Tem Valor \u00e9 um programa do Governo do Estado que estimula a cidadania fiscal, incentivando os consumidores a solicitarem o CPF na nota fiscal no momento da compra. Ao incluir o CPF, o participante acumula pontos e pode indicar uma institui\u00e7\u00e3o social para [&hellip;]<\/p>\n","protected":false},"author":1,"featured_media":0,"parent":0,"menu_order":0,"comment_status":"closed","ping_status":"closed","template":"","meta":{"zakra_page_container_layout":"customizer","zakra_page_sidebar_layout":"customizer","zakra_remove_content_margin":false,"zakra_sidebar":"customizer","zakra_transparent_header":"customizer","zakra_logo":0,"zakra_main_header_style":"default","zakra_menu_item_color":"","zakra_menu_item_hover_color":"","zakra_menu_item_active_color":"","zakra_menu_active_style":"","zakra_page_header":true,"om_disable_all_campaigns":false,"_monsterinsights_skip_tracking":false,"_monsterinsights_sitenote_active":false,"_monsterinsights_sitenote_note":"","_monsterinsights_sitenote_category":0,"footnotes":""},"class_list":["post-690","page","type-page","status-publish","hentry"],"aioseo_notices":[],"_links":{"self":[{"href":"https:\/\/institutobrotar.org.br\/index.php\/wp-json\/wp\/v2\/pages\/690","targetHints":{"allow":["GET"]}}],"collection":[{"href":"https:\/\/institutobrotar.org.br\/index.php\/wp-json\/wp\/v2\/pages"}],"about":[{"href":"https:\/\/institutobrotar.org.br\/index.php\/wp-json\/wp\/v2\/types\/page"}],"author":[{"embeddable":true,"href":"https:\/\/institutobrotar.org.br\/index.php\/wp-json\/wp\/v2\/users\/1"}],"replies":[{"embeddable":true,"href":"https:\/\/institutobrotar.org.br\/index.php\/wp-json\/wp\/v2\/comments?post=690"}],"version-history":[{"count":47,"href":"https:\/\/institutobrotar.org.br\/index.php\/wp-json\/wp\/v2\/pages\/690\/revisions"}],"predecessor-version":[{"id":3738,"href":"https:\/\/institutobrotar.org.br\/index.php\/wp-json\/wp\/v2\/pages\/690\/revisions\/3738"}],"wp:attachment":[{"href":"https:\/\/institutobrotar.org.br\/index.php\/wp-json\/wp\/v2\/media?parent=690"}],"curies":[{"name":"wp","href":"https:\/\/api.w.org\/{rel}","templated":true}]}}