{"id":543,"date":"2018-11-27T09:17:42","date_gmt":"2018-11-27T09:17:42","guid":{"rendered":"https:\/\/institutobrotar.org.br\/index.php\/projects\/"},"modified":"2025-06-10T23:50:25","modified_gmt":"2025-06-10T23:50:25","slug":"projects","status":"publish","type":"page","link":"https:\/\/institutobrotar.org.br\/index.php\/projects\/","title":{"rendered":"Projects"},"content":{"rendered":"\t\t<div data-elementor-type=\"wp-post\" data-elementor-id=\"543\" class=\"elementor elementor-543\" data-elementor-settings=\"{&quot;element_pack_global_tooltip_width&quot;:{&quot;unit&quot;:&quot;px&quot;,&quot;size&quot;:&quot;&quot;,&quot;sizes&quot;:[]},&quot;element_pack_global_tooltip_width_tablet&quot;:{&quot;unit&quot;:&quot;px&quot;,&quot;size&quot;:&quot;&quot;,&quot;sizes&quot;:[]},&quot;element_pack_global_tooltip_width_mobile&quot;:{&quot;unit&quot;:&quot;px&quot;,&quot;size&quot;:&quot;&quot;,&quot;sizes&quot;:[]},&quot;element_pack_global_tooltip_padding&quot;:{&quot;unit&quot;:&quot;px&quot;,&quot;top&quot;:&quot;&quot;,&quot;right&quot;:&quot;&quot;,&quot;bottom&quot;:&quot;&quot;,&quot;left&quot;:&quot;&quot;,&quot;isLinked&quot;:true},&quot;element_pack_global_tooltip_padding_tablet&quot;:{&quot;unit&quot;:&quot;px&quot;,&quot;top&quot;:&quot;&quot;,&quot;right&quot;:&quot;&quot;,&quot;bottom&quot;:&quot;&quot;,&quot;left&quot;:&quot;&quot;,&quot;isLinked&quot;:true},&quot;element_pack_global_tooltip_padding_mobile&quot;:{&quot;unit&quot;:&quot;px&quot;,&quot;top&quot;:&quot;&quot;,&quot;right&quot;:&quot;&quot;,&quot;bottom&quot;:&quot;&quot;,&quot;left&quot;:&quot;&quot;,&quot;isLinked&quot;:true},&quot;element_pack_global_tooltip_border_radius&quot;:{&quot;unit&quot;:&quot;px&quot;,&quot;top&quot;:&quot;&quot;,&quot;right&quot;:&quot;&quot;,&quot;bottom&quot;:&quot;&quot;,&quot;left&quot;:&quot;&quot;,&quot;isLinked&quot;:true},&quot;element_pack_global_tooltip_border_radius_tablet&quot;:{&quot;unit&quot;:&quot;px&quot;,&quot;top&quot;:&quot;&quot;,&quot;right&quot;:&quot;&quot;,&quot;bottom&quot;:&quot;&quot;,&quot;left&quot;:&quot;&quot;,&quot;isLinked&quot;:true},&quot;element_pack_global_tooltip_border_radius_mobile&quot;:{&quot;unit&quot;:&quot;px&quot;,&quot;top&quot;:&quot;&quot;,&quot;right&quot;:&quot;&quot;,&quot;bottom&quot;:&quot;&quot;,&quot;left&quot;:&quot;&quot;,&quot;isLinked&quot;:true}}\" data-elementor-post-type=\"page\">\n\t\t\t\t\t\t<section class=\"elementor-section elementor-top-section elementor-element elementor-element-e7bdb76 elementor-section-height-min-height elementor-section-items-stretch elementor-section-stretched elementor-hidden-mobile elementor-section-boxed elementor-section-height-default\" data-id=\"e7bdb76\" data-element_type=\"section\" data-settings=\"{&quot;stretch_section&quot;:&quot;section-stretched&quot;,&quot;background_background&quot;:&quot;classic&quot;}\">\n\t\t\t\t\t\t\t<div class=\"elementor-background-overlay\"><\/div>\n\t\t\t\t\t\t\t<div class=\"elementor-container elementor-column-gap-custom\">\n\t\t\t\t\t<div class=\"elementor-column elementor-col-100 elementor-top-column elementor-element elementor-element-3b5133c\" data-id=\"3b5133c\" data-element_type=\"column\" data-settings=\"{&quot;background_background&quot;:&quot;slideshow&quot;,&quot;background_slideshow_gallery&quot;:[],&quot;background_slideshow_loop&quot;:&quot;yes&quot;,&quot;background_slideshow_slide_duration&quot;:5000,&quot;background_slideshow_slide_transition&quot;:&quot;fade&quot;,&quot;background_slideshow_transition_duration&quot;:500}\">\n\t\t\t<div class=\"elementor-widget-wrap elementor-element-populated\">\n\t\t\t\t\t\t<div class=\"elementor-element elementor-element-ebf8de2 elementor-widget elementor-widget-image\" data-id=\"ebf8de2\" data-element_type=\"widget\" data-widget_type=\"image.default\">\n\t\t\t\t<div class=\"elementor-widget-container\">\n\t\t\t\t\t\t\t\t\t\t\t\t\t\t\t<img fetchpriority=\"high\" decoding=\"async\" width=\"548\" height=\"367\" src=\"https:\/\/institutobrotar.org.br\/wp-content\/uploads\/2025\/04\/Group-12.png\" class=\"attachment-medium_large size-medium_large wp-image-2402\" alt=\"\" srcset=\"https:\/\/institutobrotar.org.br\/wp-content\/uploads\/2025\/04\/Group-12.png 548w, https:\/\/institutobrotar.org.br\/wp-content\/uploads\/2025\/04\/Group-12-300x201.png 300w\" sizes=\"(max-width: 548px) 100vw, 548px\" \/>\t\t\t\t\t\t\t\t\t\t\t\t\t\t\t<\/div>\n\t\t\t\t<\/div>\n\t\t\t\t\t<\/div>\n\t\t<\/div>\n\t\t\t\t\t<\/div>\n\t\t<\/section>\n\t\t\t\t<section class=\"elementor-section elementor-top-section elementor-element elementor-element-dd8e145 elementor-section-height-full elementor-section-stretched elementor-hidden-desktop elementor-section-boxed elementor-section-height-default elementor-section-items-middle\" data-id=\"dd8e145\" data-element_type=\"section\" data-settings=\"{&quot;stretch_section&quot;:&quot;section-stretched&quot;,&quot;background_background&quot;:&quot;classic&quot;}\">\n\t\t\t\t\t\t\t<div class=\"elementor-background-overlay\"><\/div>\n\t\t\t\t\t\t\t<div class=\"elementor-container elementor-column-gap-custom\">\n\t\t\t\t\t<div class=\"elementor-column elementor-col-100 elementor-top-column elementor-element elementor-element-c58fbe7\" data-id=\"c58fbe7\" data-element_type=\"column\" data-settings=\"{&quot;background_background&quot;:&quot;slideshow&quot;,&quot;background_slideshow_gallery&quot;:[],&quot;background_slideshow_loop&quot;:&quot;yes&quot;,&quot;background_slideshow_slide_duration&quot;:5000,&quot;background_slideshow_slide_transition&quot;:&quot;fade&quot;,&quot;background_slideshow_transition_duration&quot;:500}\">\n\t\t\t<div class=\"elementor-widget-wrap elementor-element-populated\">\n\t\t\t\t\t\t<div class=\"elementor-element elementor-element-9af93b0 elementor-widget elementor-widget-image\" data-id=\"9af93b0\" data-element_type=\"widget\" data-widget_type=\"image.default\">\n\t\t\t\t<div class=\"elementor-widget-container\">\n\t\t\t\t\t\t\t\t\t\t\t\t\t\t\t<img decoding=\"async\" width=\"548\" height=\"367\" src=\"https:\/\/institutobrotar.org.br\/wp-content\/uploads\/2025\/04\/Group-12.png\" class=\"attachment-full size-full wp-image-2402\" alt=\"\" srcset=\"https:\/\/institutobrotar.org.br\/wp-content\/uploads\/2025\/04\/Group-12.png 548w, https:\/\/institutobrotar.org.br\/wp-content\/uploads\/2025\/04\/Group-12-300x201.png 300w\" sizes=\"(max-width: 548px) 100vw, 548px\" \/>\t\t\t\t\t\t\t\t\t\t\t\t\t\t\t<\/div>\n\t\t\t\t<\/div>\n\t\t\t\t\t<\/div>\n\t\t<\/div>\n\t\t\t\t\t<\/div>\n\t\t<\/section>\n\t\t\t\t<section class=\"elementor-section elementor-top-section elementor-element elementor-element-8262e30 elementor-section-content-middle elementor-section-boxed elementor-section-height-default elementor-section-height-default\" data-id=\"8262e30\" data-element_type=\"section\">\n\t\t\t\t\t\t\t<div class=\"elementor-background-overlay\"><\/div>\n\t\t\t\t\t\t\t<div class=\"elementor-container elementor-column-gap-no\">\n\t\t\t\t\t<div class=\"elementor-column elementor-col-100 elementor-top-column elementor-element elementor-element-da6ae65\" data-id=\"da6ae65\" data-element_type=\"column\">\n\t\t\t<div class=\"elementor-widget-wrap elementor-element-populated\">\n\t\t\t\t\t\t<section class=\"elementor-section elementor-inner-section elementor-element elementor-element-19fe751 elementor-section-boxed elementor-section-height-default elementor-section-height-default\" data-id=\"19fe751\" data-element_type=\"section\">\n\t\t\t\t\t\t<div class=\"elementor-container elementor-column-gap-default\">\n\t\t\t\t\t<div class=\"elementor-column elementor-col-100 elementor-inner-column elementor-element elementor-element-eae9be8\" data-id=\"eae9be8\" data-element_type=\"column\">\n\t\t\t<div class=\"elementor-widget-wrap elementor-element-populated\">\n\t\t\t\t\t\t<div class=\"elementor-element elementor-element-bd77248 elementor-widget__width-initial elementor-widget elementor-widget-heading\" data-id=\"bd77248\" data-element_type=\"widget\" data-widget_type=\"heading.default\">\n\t\t\t\t<div class=\"elementor-widget-container\">\n\t\t\t\t\t<h2 class=\"elementor-heading-title elementor-size-default\">CONHECENDO OS PROJETOS DO INSTITUTO BROTAR<\/h2>\t\t\t\t<\/div>\n\t\t\t\t<\/div>\n\t\t\t\t<div class=\"elementor-element elementor-element-cbff487 elementor-widget elementor-widget-text-editor\" data-id=\"cbff487\" data-element_type=\"widget\" data-widget_type=\"text-editor.default\">\n\t\t\t\t<div class=\"elementor-widget-container\">\n\t\t\t\t\t\t\t\t\t<p>O Instituto Brotar desenvolve diversos projetos voltados para a melhoria da qualidade de vida, sustentabilidade e desenvolvimento comunit\u00e1rio. Atrav\u00e9s da implanta\u00e7\u00e3o de tecnologias sociais, capacita\u00e7\u00f5es e atividades esportivas, promovemos a autonomia das fam\u00edlias, a preserva\u00e7\u00e3o ambiental e o bem-estar de crian\u00e7as, jovens e adultos. Cada projeto \u00e9 pensado para fortalecer comunidades, garantindo direitos e oportunidades para um futuro mais sustent\u00e1vel e digno. Conhe\u00e7a um pouco os nossos projetos!<\/p>\t\t\t\t\t\t\t\t<\/div>\n\t\t\t\t<\/div>\n\t\t\t\t\t<\/div>\n\t\t<\/div>\n\t\t\t\t\t<\/div>\n\t\t<\/section>\n\t\t\t\t\t<\/div>\n\t\t<\/div>\n\t\t\t\t\t<\/div>\n\t\t<\/section>\n\t\t<div class=\"elementor-element elementor-element-51e476a e-flex e-con-boxed e-con e-parent\" data-id=\"51e476a\" data-element_type=\"container\">\n\t\t\t\t\t<div class=\"e-con-inner\">\n\t\t<div class=\"elementor-element elementor-element-9820d6c e-con-full e-flex e-con e-child\" data-id=\"9820d6c\" data-element_type=\"container\">\n\t\t\t\t<div class=\"elementor-element elementor-element-9631c7b elementor-widget elementor-widget-heading\" data-id=\"9631c7b\" data-element_type=\"widget\" data-widget_type=\"heading.default\">\n\t\t\t\t<div class=\"elementor-widget-container\">\n\t\t\t\t\t<h2 class=\"elementor-heading-title elementor-size-default\">CONHE\u00c7A AS COMUNIDADES VIVAS<\/h2>\t\t\t\t<\/div>\n\t\t\t\t<\/div>\n\t\t\t\t<div class=\"elementor-element elementor-element-220e713 elementor-widget elementor-widget-text-editor\" data-id=\"220e713\" data-element_type=\"widget\" data-widget_type=\"text-editor.default\">\n\t\t\t\t<div class=\"elementor-widget-container\">\n\t\t\t\t\t\t\t\t\t<p>Esse projeto visa a melhoria da qualidade de vida e autonomia das fam\u00edlias do campo, atrav\u00e9s da implanta\u00e7\u00e3o de tecnologias sociais (biodigestor e bio\u00e1gua), promovendo a gera\u00e7\u00e3o de renda, seguran\u00e7a alimentar, preserva\u00e7\u00e3o ambiental e dignidade das fam\u00edlias. S\u00e3o tamb\u00e9m realizadas capacita\u00e7\u00f5es (Conviv\u00eancia com semi\u00e1rido, agroecologia, g\u00eanero e gera\u00e7\u00e3o, educa\u00e7\u00e3o ambiental) e espa\u00e7os de comercializa\u00e7\u00e3o atrav\u00e9s das feirinhas agroecol\u00f3gicas. Todas as fam\u00edlias s\u00e3o acompanhadas nos \u00e2mbitos: social (Assistente Social), produtivo e ambiental. O Comunidades Vivas promove a garantia dos direitos dos seus benefici\u00e1rios e o conhecimento sobre as tecnologias sociais, para que as fam\u00edlias consigam manter as tecnologias funcionando.<\/p>\t\t\t\t\t\t\t\t<\/div>\n\t\t\t\t<\/div>\n\t\t\t\t<\/div>\n\t\t<div class=\"elementor-element elementor-element-2b23c5c e-con-full e-flex e-con e-child\" data-id=\"2b23c5c\" data-element_type=\"container\">\n\t\t\t\t<div class=\"elementor-element elementor-element-19af2d8 elementor-widget elementor-widget-image\" data-id=\"19af2d8\" data-element_type=\"widget\" data-widget_type=\"image.default\">\n\t\t\t\t<div class=\"elementor-widget-container\">\n\t\t\t\t\t\t\t\t\t\t\t\t\t\t\t<img decoding=\"async\" width=\"1024\" height=\"768\" src=\"https:\/\/institutobrotar.org.br\/wp-content\/uploads\/2022\/08\/WhatsApp-Image-2022-07-26-at-08.53.50-1024x768.jpeg\" class=\"attachment-large size-large wp-image-570\" alt=\"\" srcset=\"https:\/\/institutobrotar.org.br\/wp-content\/uploads\/2022\/08\/WhatsApp-Image-2022-07-26-at-08.53.50-1024x768.jpeg 1024w, https:\/\/institutobrotar.org.br\/wp-content\/uploads\/2022\/08\/WhatsApp-Image-2022-07-26-at-08.53.50-300x225.jpeg 300w, https:\/\/institutobrotar.org.br\/wp-content\/uploads\/2022\/08\/WhatsApp-Image-2022-07-26-at-08.53.50-768x576.jpeg 768w, https:\/\/institutobrotar.org.br\/wp-content\/uploads\/2022\/08\/WhatsApp-Image-2022-07-26-at-08.53.50-1536x1152.jpeg 1536w, https:\/\/institutobrotar.org.br\/wp-content\/uploads\/2022\/08\/WhatsApp-Image-2022-07-26-at-08.53.50.jpeg 1600w\" sizes=\"(max-width: 1024px) 100vw, 1024px\" \/>\t\t\t\t\t\t\t\t\t\t\t\t\t\t\t<\/div>\n\t\t\t\t<\/div>\n\t\t\t\t<div class=\"elementor-element elementor-element-4b86a10 elementor-align-center elementor-widget elementor-widget-button\" data-id=\"4b86a10\" data-element_type=\"widget\" data-widget_type=\"button.default\">\n\t\t\t\t<div class=\"elementor-widget-container\">\n\t\t\t\t\t\t\t\t\t<div class=\"elementor-button-wrapper\">\n\t\t\t\t\t<a class=\"elementor-button elementor-button-link elementor-size-sm elementor-animation-grow\" href=\"https:\/\/institutobrotar.org.br\/index.php\/comunidade-vivas\">\n\t\t\t\t\t\t<span class=\"elementor-button-content-wrapper\">\n\t\t\t\t\t\t\t\t\t<span class=\"elementor-button-text\">SAIBA MAIS<\/span>\n\t\t\t\t\t<\/span>\n\t\t\t\t\t<\/a>\n\t\t\t\t<\/div>\n\t\t\t\t\t\t\t\t<\/div>\n\t\t\t\t<\/div>\n\t\t\t\t<\/div>\n\t\t\t\t\t<\/div>\n\t\t\t\t<\/div>\n\t\t<div class=\"elementor-element elementor-element-6558d5a e-flex e-con-boxed e-con e-parent\" data-id=\"6558d5a\" data-element_type=\"container\">\n\t\t\t\t\t<div class=\"e-con-inner\">\n\t\t<div class=\"elementor-element elementor-element-249e20d e-con-full e-flex e-con e-child\" data-id=\"249e20d\" data-element_type=\"container\">\n\t\t\t\t<div class=\"elementor-element elementor-element-715d6c3 elementor-widget elementor-widget-image\" data-id=\"715d6c3\" data-element_type=\"widget\" data-widget_type=\"image.default\">\n\t\t\t\t<div class=\"elementor-widget-container\">\n\t\t\t\t\t\t\t\t\t\t\t\t\t\t\t<img loading=\"lazy\" decoding=\"async\" width=\"542\" height=\"602\" src=\"https:\/\/institutobrotar.org.br\/wp-content\/uploads\/2025\/04\/image-28.png\" class=\"attachment-large size-large wp-image-2393\" alt=\"\" srcset=\"https:\/\/institutobrotar.org.br\/wp-content\/uploads\/2025\/04\/image-28.png 542w, https:\/\/institutobrotar.org.br\/wp-content\/uploads\/2025\/04\/image-28-270x300.png 270w\" sizes=\"(max-width: 542px) 100vw, 542px\" \/>\t\t\t\t\t\t\t\t\t\t\t\t\t\t\t<\/div>\n\t\t\t\t<\/div>\n\t\t\t\t<div class=\"elementor-element elementor-element-98081b5 elementor-align-center elementor-widget elementor-widget-button\" data-id=\"98081b5\" data-element_type=\"widget\" data-widget_type=\"button.default\">\n\t\t\t\t<div class=\"elementor-widget-container\">\n\t\t\t\t\t\t\t\t\t<div class=\"elementor-button-wrapper\">\n\t\t\t\t\t<a class=\"elementor-button elementor-button-link elementor-size-sm elementor-animation-grow\" href=\"https:\/\/institutobrotar.org.br\/index.php\/prae\">\n\t\t\t\t\t\t<span class=\"elementor-button-content-wrapper\">\n\t\t\t\t\t\t\t\t\t<span class=\"elementor-button-text\">SAIBA MAIS<\/span>\n\t\t\t\t\t<\/span>\n\t\t\t\t\t<\/a>\n\t\t\t\t<\/div>\n\t\t\t\t\t\t\t\t<\/div>\n\t\t\t\t<\/div>\n\t\t\t\t<\/div>\n\t\t<div class=\"elementor-element elementor-element-b9c57df e-con-full e-flex e-con e-child\" data-id=\"b9c57df\" data-element_type=\"container\">\n\t\t\t\t<div class=\"elementor-element elementor-element-9def7af elementor-widget elementor-widget-heading\" data-id=\"9def7af\" data-element_type=\"widget\" data-widget_type=\"heading.default\">\n\t\t\t\t<div class=\"elementor-widget-container\">\n\t\t\t\t\t<h2 class=\"elementor-heading-title elementor-size-default\">PROGRAMA DE REUSO DE \u00c1GUA CINZAS NAS ESCOLAS - PRAE<\/h2>\t\t\t\t<\/div>\n\t\t\t\t<\/div>\n\t\t\t\t<div class=\"elementor-element elementor-element-0ec6568 elementor-widget elementor-widget-text-editor\" data-id=\"0ec6568\" data-element_type=\"widget\" data-widget_type=\"text-editor.default\">\n\t\t\t\t<div class=\"elementor-widget-container\">\n\t\t\t\t\t\t\t\t\t<p>O Programa de Reuso de \u00c1guas Cinzas Escolares \u00e9 um projeto de reaproveitamento da \u00e1gua utilizada no dia a dia de unidades escolares para promo\u00e7\u00e3o de hortas agroecol\u00f3gicas e educa\u00e7\u00e3o ambiental. A \u00e1gua que seria descartada ap\u00f3s o uso, que chamamos de \u00e1guas cinzas, passa por um processo de limpeza (sistema de filtro biol\u00f3gico), \u00e9 encaminhada para um sistema de irriga\u00e7\u00e3o de horta agroecol\u00f3gica, sendo os alimentos produzidos nessa horta utilizados na merenda escolar. O PRAE tamb\u00e9m tem por objetivo divulgar a agroecologia, sustentabilidade e conviv\u00eancia com o semi\u00e1rido, promovendo capacita\u00e7\u00f5es com os professores sobre essa tem\u00e1tica. Uma vez capacitados, esses educadores poder\u00e3o ensinar, de forma interativa, as crian\u00e7as a conviver com essa tecnologia, divulgando formas sustent\u00e1veis de viv\u00eancia com o bioma nordestino.<\/p>\t\t\t\t\t\t\t\t<\/div>\n\t\t\t\t<\/div>\n\t\t\t\t<\/div>\n\t\t\t\t\t<\/div>\n\t\t\t\t<\/div>\n\t\t<div class=\"elementor-element elementor-element-aa5b2a6 e-flex e-con-boxed e-con e-parent\" data-id=\"aa5b2a6\" data-element_type=\"container\">\n\t\t\t\t\t<div class=\"e-con-inner\">\n\t\t<div class=\"elementor-element elementor-element-2afaf47 e-con-full e-flex e-con e-child\" data-id=\"2afaf47\" data-element_type=\"container\">\n\t\t\t\t<div class=\"elementor-element elementor-element-7e2bfb7 elementor-widget elementor-widget-heading\" data-id=\"7e2bfb7\" data-element_type=\"widget\" data-widget_type=\"heading.default\">\n\t\t\t\t<div class=\"elementor-widget-container\">\n\t\t\t\t\t<h2 class=\"elementor-heading-title elementor-size-default\">PROJETOS ATIVA TABULEIRO E ATIVA ALSANTO<\/h2>\t\t\t\t<\/div>\n\t\t\t\t<\/div>\n\t\t\t\t<div class=\"elementor-element elementor-element-8aca72b elementor-widget elementor-widget-text-editor\" data-id=\"8aca72b\" data-element_type=\"widget\" data-widget_type=\"text-editor.default\">\n\t\t\t\t<div class=\"elementor-widget-container\">\n\t\t\t\t\t\t\t\t\t<p>Os projetos visam proporcionar lazer, sa\u00fade e bem-estar \u00e0 popula\u00e7\u00e3o, desenvolvendo atividades esportivas como xadrez, v\u00f4lei, futebol, futsal, boxe e capoeira para crian\u00e7as e jovens e gin\u00e1stica para adultos, beneficiando 500 pessoas entre crian\u00e7as, jovens e adultos.\u00a0\u00a0<br \/>\u00a0Os projetos t\u00eam foco na inf\u00e2ncia e juventude, portanto as modalidades oferecidas s\u00e3o voltadas para pessoas com idade entre 07 e 17 anos, sendo a Gin\u00e1stica aberta para o p\u00fablico em geral. Para participar, os jovens em idade escolar devem estar devidamente matriculados em qualquer institui\u00e7\u00e3o de ensino.\u00a0<\/p>\t\t\t\t\t\t\t\t<\/div>\n\t\t\t\t<\/div>\n\t\t\t\t<\/div>\n\t\t<div class=\"elementor-element elementor-element-d36742a e-con-full e-flex e-con e-child\" data-id=\"d36742a\" data-element_type=\"container\">\n\t\t\t\t<div class=\"elementor-element elementor-element-2d75686 elementor-widget elementor-widget-image\" data-id=\"2d75686\" data-element_type=\"widget\" data-widget_type=\"image.default\">\n\t\t\t\t<div class=\"elementor-widget-container\">\n\t\t\t\t\t\t\t\t\t\t\t\t\t\t\t<img loading=\"lazy\" decoding=\"async\" width=\"569\" height=\"437\" src=\"https:\/\/institutobrotar.org.br\/wp-content\/uploads\/2025\/04\/image-31.png\" class=\"attachment-large size-large wp-image-2390\" alt=\"\" srcset=\"https:\/\/institutobrotar.org.br\/wp-content\/uploads\/2025\/04\/image-31.png 569w, https:\/\/institutobrotar.org.br\/wp-content\/uploads\/2025\/04\/image-31-300x230.png 300w\" sizes=\"(max-width: 569px) 100vw, 569px\" \/>\t\t\t\t\t\t\t\t\t\t\t\t\t\t\t<\/div>\n\t\t\t\t<\/div>\n\t\t\t\t<div class=\"elementor-element elementor-element-19909a7 elementor-align-center elementor-widget elementor-widget-button\" data-id=\"19909a7\" data-element_type=\"widget\" data-widget_type=\"button.default\">\n\t\t\t\t<div class=\"elementor-widget-container\">\n\t\t\t\t\t\t\t\t\t<div class=\"elementor-button-wrapper\">\n\t\t\t\t\t<a class=\"elementor-button elementor-button-link elementor-size-sm elementor-animation-grow\" href=\"https:\/\/institutobrotar.org.br\/index.php\/ativas\">\n\t\t\t\t\t\t<span class=\"elementor-button-content-wrapper\">\n\t\t\t\t\t\t\t\t\t<span class=\"elementor-button-text\">SAIBA MAIS<\/span>\n\t\t\t\t\t<\/span>\n\t\t\t\t\t<\/a>\n\t\t\t\t<\/div>\n\t\t\t\t\t\t\t\t<\/div>\n\t\t\t\t<\/div>\n\t\t\t\t<\/div>\n\t\t\t\t\t<\/div>\n\t\t\t\t<\/div>\n\t\t\t\t<\/div>\n\t\t","protected":false},"excerpt":{"rendered":"<p>CONHECENDO OS PROJETOS DO INSTITUTO BROTAR O Instituto Brotar desenvolve diversos projetos voltados para a melhoria da qualidade de vida, sustentabilidade e desenvolvimento comunit\u00e1rio. Atrav\u00e9s da implanta\u00e7\u00e3o de tecnologias sociais, capacita\u00e7\u00f5es e atividades esportivas, promovemos a autonomia das fam\u00edlias, a preserva\u00e7\u00e3o ambiental e o bem-estar de crian\u00e7as, jovens e adultos. Cada projeto \u00e9 pensado para [&hellip;]<\/p>\n","protected":false},"author":1,"featured_media":0,"parent":0,"menu_order":0,"comment_status":"closed","ping_status":"closed","template":"","meta":{"zakra_page_container_layout":"customizer","zakra_page_sidebar_layout":"customizer","zakra_remove_content_margin":false,"zakra_sidebar":"customizer","zakra_transparent_header":"customizer","zakra_logo":0,"zakra_main_header_style":"default","zakra_menu_item_color":"","zakra_menu_item_hover_color":"","zakra_menu_item_active_color":"","zakra_menu_active_style":"","zakra_page_header":true,"om_disable_all_campaigns":false,"_monsterinsights_skip_tracking":false,"_monsterinsights_sitenote_active":false,"_monsterinsights_sitenote_note":"","_monsterinsights_sitenote_category":0,"footnotes":""},"class_list":["post-543","page","type-page","status-publish","hentry"],"aioseo_notices":[],"_links":{"self":[{"href":"https:\/\/institutobrotar.org.br\/index.php\/wp-json\/wp\/v2\/pages\/543","targetHints":{"allow":["GET"]}}],"collection":[{"href":"https:\/\/institutobrotar.org.br\/index.php\/wp-json\/wp\/v2\/pages"}],"about":[{"href":"https:\/\/institutobrotar.org.br\/index.php\/wp-json\/wp\/v2\/types\/page"}],"author":[{"embeddable":true,"href":"https:\/\/institutobrotar.org.br\/index.php\/wp-json\/wp\/v2\/users\/1"}],"replies":[{"embeddable":true,"href":"https:\/\/institutobrotar.org.br\/index.php\/wp-json\/wp\/v2\/comments?post=543"}],"version-history":[{"count":115,"href":"https:\/\/institutobrotar.org.br\/index.php\/wp-json\/wp\/v2\/pages\/543\/revisions"}],"predecessor-version":[{"id":3036,"href":"https:\/\/institutobrotar.org.br\/index.php\/wp-json\/wp\/v2\/pages\/543\/revisions\/3036"}],"wp:attachment":[{"href":"https:\/\/institutobrotar.org.br\/index.php\/wp-json\/wp\/v2\/media?parent=543"}],"curies":[{"name":"wp","href":"https:\/\/api.w.org\/{rel}","templated":true}]}}