{"id":3672,"date":"2026-01-19T00:02:46","date_gmt":"2026-01-19T00:02:46","guid":{"rendered":"https:\/\/institutobrotar.org.br\/?page_id=3672"},"modified":"2026-02-23T11:11:58","modified_gmt":"2026-02-23T11:11:58","slug":"saf","status":"publish","type":"page","link":"https:\/\/institutobrotar.org.br\/index.php\/saf\/","title":{"rendered":"SAF"},"content":{"rendered":"\t\t<div data-elementor-type=\"wp-page\" data-elementor-id=\"3672\" class=\"elementor elementor-3672\" data-elementor-settings=\"{&quot;element_pack_global_tooltip_width&quot;:{&quot;unit&quot;:&quot;px&quot;,&quot;size&quot;:&quot;&quot;,&quot;sizes&quot;:[]},&quot;element_pack_global_tooltip_width_tablet&quot;:{&quot;unit&quot;:&quot;px&quot;,&quot;size&quot;:&quot;&quot;,&quot;sizes&quot;:[]},&quot;element_pack_global_tooltip_width_mobile&quot;:{&quot;unit&quot;:&quot;px&quot;,&quot;size&quot;:&quot;&quot;,&quot;sizes&quot;:[]},&quot;element_pack_global_tooltip_padding&quot;:{&quot;unit&quot;:&quot;px&quot;,&quot;top&quot;:&quot;&quot;,&quot;right&quot;:&quot;&quot;,&quot;bottom&quot;:&quot;&quot;,&quot;left&quot;:&quot;&quot;,&quot;isLinked&quot;:true},&quot;element_pack_global_tooltip_padding_tablet&quot;:{&quot;unit&quot;:&quot;px&quot;,&quot;top&quot;:&quot;&quot;,&quot;right&quot;:&quot;&quot;,&quot;bottom&quot;:&quot;&quot;,&quot;left&quot;:&quot;&quot;,&quot;isLinked&quot;:true},&quot;element_pack_global_tooltip_padding_mobile&quot;:{&quot;unit&quot;:&quot;px&quot;,&quot;top&quot;:&quot;&quot;,&quot;right&quot;:&quot;&quot;,&quot;bottom&quot;:&quot;&quot;,&quot;left&quot;:&quot;&quot;,&quot;isLinked&quot;:true},&quot;element_pack_global_tooltip_border_radius&quot;:{&quot;unit&quot;:&quot;px&quot;,&quot;top&quot;:&quot;&quot;,&quot;right&quot;:&quot;&quot;,&quot;bottom&quot;:&quot;&quot;,&quot;left&quot;:&quot;&quot;,&quot;isLinked&quot;:true},&quot;element_pack_global_tooltip_border_radius_tablet&quot;:{&quot;unit&quot;:&quot;px&quot;,&quot;top&quot;:&quot;&quot;,&quot;right&quot;:&quot;&quot;,&quot;bottom&quot;:&quot;&quot;,&quot;left&quot;:&quot;&quot;,&quot;isLinked&quot;:true},&quot;element_pack_global_tooltip_border_radius_mobile&quot;:{&quot;unit&quot;:&quot;px&quot;,&quot;top&quot;:&quot;&quot;,&quot;right&quot;:&quot;&quot;,&quot;bottom&quot;:&quot;&quot;,&quot;left&quot;:&quot;&quot;,&quot;isLinked&quot;:true}}\" data-elementor-post-type=\"page\">\n\t\t\t\t<div class=\"elementor-element elementor-element-9eeef6f e-flex e-con-boxed e-con e-parent\" data-id=\"9eeef6f\" data-element_type=\"container\">\n\t\t\t\t\t<div class=\"e-con-inner\">\n\t\t\t\t<div class=\"elementor-element elementor-element-1797e43 elementor-widget elementor-widget-html\" data-id=\"1797e43\" data-element_type=\"widget\" data-widget_type=\"html.default\">\n\t\t\t\t<div class=\"elementor-widget-container\">\n\t\t\t\t\t<!-- Event snippet for Visualiza\u00e7\u00e3o de p\u00e1gina (2) conversion page -->\r\n<script>\r\n  gtag('event', 'conversion', {'send_to': 'AW-694671642\/xO0kCN2oq-gbEJqyn8sC'});\r\n<\/script>\r\n\t\t\t\t<\/div>\n\t\t\t\t<\/div>\n\t\t\t\t\t<\/div>\n\t\t\t\t<\/div>\n\t\t<div class=\"elementor-element elementor-element-5525578 e-flex e-con-boxed e-con e-parent\" data-id=\"5525578\" data-element_type=\"container\">\n\t\t\t\t\t<div class=\"e-con-inner\">\n\t\t\t\t<div class=\"elementor-element elementor-element-7d3eecf elementor-widget elementor-widget-heading\" data-id=\"7d3eecf\" data-element_type=\"widget\" data-widget_type=\"heading.default\">\n\t\t\t\t<div class=\"elementor-widget-container\">\n\t\t\t\t\t<h2 class=\"elementor-heading-title elementor-size-default\">Sistemas Agroflorestais no Semi\u00e1rido<\/h2>\t\t\t\t<\/div>\n\t\t\t\t<\/div>\n\t\t\t\t<div class=\"elementor-element elementor-element-c120393 elementor-widget elementor-widget-text-editor\" data-id=\"c120393\" data-element_type=\"widget\" data-widget_type=\"text-editor.default\">\n\t\t\t\t<div class=\"elementor-widget-container\">\n\t\t\t\t\t\t\t\t\t<p>E-book produzido pelo Instituto Brotar com a finalidade de ajudar a quem precisa de informa\u00e7\u00e3o e orienta\u00e7\u00e3o sobre as SAF&#8217;s.\u00a0<\/p>\t\t\t\t\t\t\t\t<\/div>\n\t\t\t\t<\/div>\n\t\t\t\t\t<\/div>\n\t\t\t\t<\/div>\n\t\t<div class=\"elementor-element elementor-element-d0abec2 e-flex e-con-boxed e-con e-parent\" data-id=\"d0abec2\" data-element_type=\"container\">\n\t\t\t\t\t<div class=\"e-con-inner\">\n\t\t\t\t<div class=\"elementor-element elementor-element-c0b6849 elementor-widget elementor-widget-shortcode\" data-id=\"c0b6849\" data-element_type=\"widget\" data-widget_type=\"shortcode.default\">\n\t\t\t\t<div class=\"elementor-widget-container\">\n\t\t\t\t\t\t\t<div class=\"elementor-shortcode\"><div class=\"_df_book df-lite\" id=\"df_3669\"  _slug=\"saf\" data-title=\"saf\" wpoptions=\"true\" thumbtype=\"\" ><\/div><script class=\"df-shortcode-script\" nowprocket type=\"application\/javascript\">window.option_df_3669 = {\"outline\":[],\"autoEnableOutline\":\"false\",\"autoEnableThumbnail\":\"false\",\"overwritePDFOutline\":\"false\",\"direction\":\"1\",\"pageSize\":\"0\",\"source\":\"https:\\\/\\\/institutobrotar.org.br\\\/wp-content\\\/uploads\\\/2026\\\/01\\\/SAF-Instituto-Brotar.pdf\",\"wpOptions\":\"true\"}; if(window.DFLIP && window.DFLIP.parseBooks){window.DFLIP.parseBooks();}<\/script><\/div>\n\t\t\t\t\t\t<\/div>\n\t\t\t\t<\/div>\n\t\t\t\t\t<\/div>\n\t\t\t\t<\/div>\n\t\t<div class=\"elementor-element elementor-element-51ce9eb e-con-full e-flex e-con e-parent\" data-id=\"51ce9eb\" data-element_type=\"container\">\n\t\t<div class=\"elementor-element elementor-element-ae91fd3 e-con-full e-flex e-con e-child\" data-id=\"ae91fd3\" data-element_type=\"container\" data-settings=\"{&quot;background_background&quot;:&quot;classic&quot;}\">\n\t\t\t\t<div class=\"elementor-element elementor-element-d43c359 elementor-widget elementor-widget-heading\" data-id=\"d43c359\" data-element_type=\"widget\" data-widget_type=\"heading.default\">\n\t\t\t\t<div class=\"elementor-widget-container\">\n\t\t\t\t\t<h2 class=\"elementor-heading-title elementor-size-default\">AJUDE O INSTITUTO BROTAR<\/h2>\t\t\t\t<\/div>\n\t\t\t\t<\/div>\n\t\t\t\t<div class=\"elementor-element elementor-element-a5b19af elementor-align-center elementor-mobile-align-center elementor-widget elementor-widget-button\" data-id=\"a5b19af\" data-element_type=\"widget\" data-widget_type=\"button.default\">\n\t\t\t\t<div class=\"elementor-widget-container\">\n\t\t\t\t\t\t\t\t\t<div class=\"elementor-button-wrapper\">\n\t\t\t\t\t<a class=\"elementor-button elementor-button-link elementor-size-sm\" href=\"https:\/\/institutobrotar.org.br\/index.php\/doe-agora\">\n\t\t\t\t\t\t<span class=\"elementor-button-content-wrapper\">\n\t\t\t\t\t\t<span class=\"elementor-button-icon\">\n\t\t\t\t<i aria-hidden=\"true\" class=\"fas fa-hand-holding-heart\"><\/i>\t\t\t<\/span>\n\t\t\t\t\t\t\t\t\t<span class=\"elementor-button-text\">DOE AGORA<\/span>\n\t\t\t\t\t<\/span>\n\t\t\t\t\t<\/a>\n\t\t\t\t<\/div>\n\t\t\t\t\t\t\t\t<\/div>\n\t\t\t\t<\/div>\n\t\t\t\t<\/div>\n\t\t\t\t<\/div>\n\t\t<div class=\"elementor-element elementor-element-eb1b5a1 e-flex e-con-boxed e-con e-parent\" data-id=\"eb1b5a1\" data-element_type=\"container\">\n\t\t\t\t\t<div class=\"e-con-inner\">\n\t\t<div class=\"elementor-element elementor-element-56eb879 e-con-full e-flex e-con e-child\" data-id=\"56eb879\" data-element_type=\"container\">\n\t\t\t\t<div class=\"elementor-element elementor-element-8bb56df elementor-widget elementor-widget-image\" data-id=\"8bb56df\" data-element_type=\"widget\" data-widget_type=\"image.default\">\n\t\t\t\t<div class=\"elementor-widget-container\">\n\t\t\t\t\t\t\t\t\t\t\t\t\t\t\t<img fetchpriority=\"high\" decoding=\"async\" width=\"700\" height=\"700\" src=\"https:\/\/institutobrotar.org.br\/wp-content\/uploads\/2026\/01\/saf1.jpg\" class=\"attachment-large size-large wp-image-3693\" alt=\"\" srcset=\"https:\/\/institutobrotar.org.br\/wp-content\/uploads\/2026\/01\/saf1.jpg 700w, https:\/\/institutobrotar.org.br\/wp-content\/uploads\/2026\/01\/saf1-300x300.jpg 300w, https:\/\/institutobrotar.org.br\/wp-content\/uploads\/2026\/01\/saf1-150x150.jpg 150w\" sizes=\"(max-width: 700px) 100vw, 700px\" \/>\t\t\t\t\t\t\t\t\t\t\t\t\t\t\t<\/div>\n\t\t\t\t<\/div>\n\t\t\t\t<\/div>\n\t\t<div class=\"elementor-element elementor-element-96505e9 e-con-full e-flex e-con e-child\" data-id=\"96505e9\" data-element_type=\"container\">\n\t\t\t\t<div class=\"elementor-element elementor-element-0763638 elementor-widget elementor-widget-text-editor\" data-id=\"0763638\" data-element_type=\"widget\" data-widget_type=\"text-editor.default\">\n\t\t\t\t<div class=\"elementor-widget-container\">\n\t\t\t\t\t\t\t\t\t<p>A atua\u00e7\u00e3o do Instituto Brotar no Projeto Sementes de Esperan\u00e7a, em parceria com a AEFAJA, foi pautada pelo compromisso com a agroecologia e o fortalecimento da agricultura familiar no Vale do Jaguaribe.&nbsp;<\/p>\n<p>Nossa participa\u00e7\u00e3o nos encontros e atividades da Escola Fam\u00edlia Agr\u00edcola (EFA) seguiu uma metodologia participativa, garantindo que o conhecimento t\u00e9cnico caminhasse junto ao saber popular.&nbsp;<\/p>\t\t\t\t\t\t\t\t<\/div>\n\t\t\t\t<\/div>\n\t\t\t\t<\/div>\n\t\t\t\t\t<\/div>\n\t\t\t\t<\/div>\n\t\t<div class=\"elementor-element elementor-element-3e90c71 e-flex e-con-boxed e-con e-parent\" data-id=\"3e90c71\" data-element_type=\"container\">\n\t\t\t\t\t<div class=\"e-con-inner\">\n\t\t<div class=\"elementor-element elementor-element-c6af0c3 e-con-full e-flex e-con e-child\" data-id=\"c6af0c3\" data-element_type=\"container\">\n\t\t\t\t<div class=\"elementor-element elementor-element-07ce70f elementor-widget elementor-widget-image\" data-id=\"07ce70f\" data-element_type=\"widget\" data-widget_type=\"image.default\">\n\t\t\t\t<div class=\"elementor-widget-container\">\n\t\t\t\t\t\t\t\t\t\t\t\t\t\t\t<img decoding=\"async\" width=\"700\" height=\"700\" src=\"https:\/\/institutobrotar.org.br\/wp-content\/uploads\/2026\/01\/saf2.jpg\" class=\"attachment-large size-large wp-image-3694\" alt=\"\" srcset=\"https:\/\/institutobrotar.org.br\/wp-content\/uploads\/2026\/01\/saf2.jpg 700w, https:\/\/institutobrotar.org.br\/wp-content\/uploads\/2026\/01\/saf2-300x300.jpg 300w, https:\/\/institutobrotar.org.br\/wp-content\/uploads\/2026\/01\/saf2-150x150.jpg 150w\" sizes=\"(max-width: 700px) 100vw, 700px\" \/>\t\t\t\t\t\t\t\t\t\t\t\t\t\t\t<\/div>\n\t\t\t\t<\/div>\n\t\t\t\t<\/div>\n\t\t<div class=\"elementor-element elementor-element-07720a9 e-con-full e-flex e-con e-child\" data-id=\"07720a9\" data-element_type=\"container\">\n\t\t\t\t<div class=\"elementor-element elementor-element-88ca530 elementor-widget elementor-widget-text-editor\" data-id=\"88ca530\" data-element_type=\"widget\" data-widget_type=\"text-editor.default\">\n\t\t\t\t<div class=\"elementor-widget-container\">\n\t\t\t\t\t\t\t\t\t<p>Atuamos\u00a0nos Encontros de\u00a0Mutir\u00f5es na organiza\u00e7\u00e3o e execu\u00e7\u00e3o pr\u00e1tica do plantio e manejo inicial dos Sistemas Agroflorestais (SAFs). Estes momentos foram fundamentais para a troca de experi\u00eancias entre n\u00f3s t\u00e9cnicos e t\u00e9cnicas,\u00a0 agricultores(as), transformando o trabalho coletivo em aprendizado vivo.\u00a0 Al\u00e9m dos encontros coletivos, realizamos o acompanhamento cont\u00ednuo para assegurar que os sistemas implantados tivessem viabilidade e desenvolvimento sustent\u00e1vel a longo prazo.\u00a0\u00a0<\/p><p>O resultado dessa colabora\u00e7\u00e3o foi o fortalecimento da biodiversidade local e a promo\u00e7\u00e3o de uma agricultura mais resiliente para as fam\u00edlias da regi\u00e3o.\u00a0\u00a0<\/p>\t\t\t\t\t\t\t\t<\/div>\n\t\t\t\t<\/div>\n\t\t\t\t<\/div>\n\t\t\t\t\t<\/div>\n\t\t\t\t<\/div>\n\t\t<div class=\"elementor-element elementor-element-360e2e7 e-con-full e-flex e-con e-parent\" data-id=\"360e2e7\" data-element_type=\"container\">\n\t\t<div class=\"elementor-element elementor-element-014f2f2 e-con-full e-flex e-con e-child\" data-id=\"014f2f2\" data-element_type=\"container\" data-settings=\"{&quot;background_background&quot;:&quot;classic&quot;}\">\n\t\t\t\t<div class=\"elementor-element elementor-element-2e65849 elementor-align-center elementor-mobile-align-center elementor-widget elementor-widget-button\" data-id=\"2e65849\" data-element_type=\"widget\" data-widget_type=\"button.default\">\n\t\t\t\t<div class=\"elementor-widget-container\">\n\t\t\t\t\t\t\t\t\t<div class=\"elementor-button-wrapper\">\n\t\t\t\t\t<a class=\"elementor-button elementor-button-link elementor-size-sm\" href=\"https:\/\/institutobrotar.org.br\/\">\n\t\t\t\t\t\t<span class=\"elementor-button-content-wrapper\">\n\t\t\t\t\t\t<span class=\"elementor-button-icon\">\n\t\t\t\t<i aria-hidden=\"true\" class=\"fas fa-step-backward\"><\/i>\t\t\t<\/span>\n\t\t\t\t\t\t\t\t\t<span class=\"elementor-button-text\">Ir para o in\u00edcio<\/span>\n\t\t\t\t\t<\/span>\n\t\t\t\t\t<\/a>\n\t\t\t\t<\/div>\n\t\t\t\t\t\t\t\t<\/div>\n\t\t\t\t<\/div>\n\t\t\t\t<\/div>\n\t\t\t\t<\/div>\n\t\t\t\t<\/div>\n\t\t","protected":false},"excerpt":{"rendered":"<p>Sistemas Agroflorestais no Semi\u00e1rido E-book produzido pelo Instituto Brotar com a finalidade de ajudar a quem precisa de informa\u00e7\u00e3o e orienta\u00e7\u00e3o sobre as SAF&#8217;s.\u00a0 AJUDE O INSTITUTO BROTAR DOE AGORA A atua\u00e7\u00e3o do Instituto Brotar no Projeto Sementes de Esperan\u00e7a, em parceria com a AEFAJA, foi pautada pelo compromisso com a agroecologia e o fortalecimento [&hellip;]<\/p>\n","protected":false},"author":1,"featured_media":0,"parent":0,"menu_order":0,"comment_status":"closed","ping_status":"closed","template":"","meta":{"zakra_page_container_layout":"customizer","zakra_page_sidebar_layout":"customizer","zakra_remove_content_margin":false,"zakra_sidebar":"customizer","zakra_transparent_header":"customizer","zakra_logo":0,"zakra_main_header_style":"default","zakra_menu_item_color":"","zakra_menu_item_hover_color":"","zakra_menu_item_active_color":"","zakra_menu_active_style":"","zakra_page_header":true,"om_disable_all_campaigns":false,"_monsterinsights_skip_tracking":false,"_monsterinsights_sitenote_active":false,"_monsterinsights_sitenote_note":"","_monsterinsights_sitenote_category":0,"footnotes":""},"class_list":["post-3672","page","type-page","status-publish","hentry"],"aioseo_notices":[],"_links":{"self":[{"href":"https:\/\/institutobrotar.org.br\/index.php\/wp-json\/wp\/v2\/pages\/3672","targetHints":{"allow":["GET"]}}],"collection":[{"href":"https:\/\/institutobrotar.org.br\/index.php\/wp-json\/wp\/v2\/pages"}],"about":[{"href":"https:\/\/institutobrotar.org.br\/index.php\/wp-json\/wp\/v2\/types\/page"}],"author":[{"embeddable":true,"href":"https:\/\/institutobrotar.org.br\/index.php\/wp-json\/wp\/v2\/users\/1"}],"replies":[{"embeddable":true,"href":"https:\/\/institutobrotar.org.br\/index.php\/wp-json\/wp\/v2\/comments?post=3672"}],"version-history":[{"count":22,"href":"https:\/\/institutobrotar.org.br\/index.php\/wp-json\/wp\/v2\/pages\/3672\/revisions"}],"predecessor-version":[{"id":3718,"href":"https:\/\/institutobrotar.org.br\/index.php\/wp-json\/wp\/v2\/pages\/3672\/revisions\/3718"}],"wp:attachment":[{"href":"https:\/\/institutobrotar.org.br\/index.php\/wp-json\/wp\/v2\/media?parent=3672"}],"curies":[{"name":"wp","href":"https:\/\/api.w.org\/{rel}","templated":true}]}}