{"id":3,"date":"2022-08-08T21:03:22","date_gmt":"2022-08-08T21:03:22","guid":{"rendered":"https:\/\/institutobrotar.org.br\/?page_id=3"},"modified":"2023-01-18T14:43:45","modified_gmt":"2023-01-18T14:43:45","slug":"privacy-policy","status":"publish","type":"page","link":"https:\/\/institutobrotar.org.br\/index.php\/privacy-policy\/","title":{"rendered":"Politica de privacidade"},"content":{"rendered":"\t\t<div data-elementor-type=\"wp-page\" data-elementor-id=\"3\" class=\"elementor elementor-3\" data-elementor-settings=\"{&quot;element_pack_global_tooltip_width&quot;:{&quot;unit&quot;:&quot;px&quot;,&quot;size&quot;:&quot;&quot;,&quot;sizes&quot;:[]},&quot;element_pack_global_tooltip_width_tablet&quot;:{&quot;unit&quot;:&quot;px&quot;,&quot;size&quot;:&quot;&quot;,&quot;sizes&quot;:[]},&quot;element_pack_global_tooltip_width_mobile&quot;:{&quot;unit&quot;:&quot;px&quot;,&quot;size&quot;:&quot;&quot;,&quot;sizes&quot;:[]},&quot;element_pack_global_tooltip_padding&quot;:{&quot;unit&quot;:&quot;px&quot;,&quot;top&quot;:&quot;&quot;,&quot;right&quot;:&quot;&quot;,&quot;bottom&quot;:&quot;&quot;,&quot;left&quot;:&quot;&quot;,&quot;isLinked&quot;:true},&quot;element_pack_global_tooltip_padding_tablet&quot;:{&quot;unit&quot;:&quot;px&quot;,&quot;top&quot;:&quot;&quot;,&quot;right&quot;:&quot;&quot;,&quot;bottom&quot;:&quot;&quot;,&quot;left&quot;:&quot;&quot;,&quot;isLinked&quot;:true},&quot;element_pack_global_tooltip_padding_mobile&quot;:{&quot;unit&quot;:&quot;px&quot;,&quot;top&quot;:&quot;&quot;,&quot;right&quot;:&quot;&quot;,&quot;bottom&quot;:&quot;&quot;,&quot;left&quot;:&quot;&quot;,&quot;isLinked&quot;:true},&quot;element_pack_global_tooltip_border_radius&quot;:{&quot;unit&quot;:&quot;px&quot;,&quot;top&quot;:&quot;&quot;,&quot;right&quot;:&quot;&quot;,&quot;bottom&quot;:&quot;&quot;,&quot;left&quot;:&quot;&quot;,&quot;isLinked&quot;:true},&quot;element_pack_global_tooltip_border_radius_tablet&quot;:{&quot;unit&quot;:&quot;px&quot;,&quot;top&quot;:&quot;&quot;,&quot;right&quot;:&quot;&quot;,&quot;bottom&quot;:&quot;&quot;,&quot;left&quot;:&quot;&quot;,&quot;isLinked&quot;:true},&quot;element_pack_global_tooltip_border_radius_mobile&quot;:{&quot;unit&quot;:&quot;px&quot;,&quot;top&quot;:&quot;&quot;,&quot;right&quot;:&quot;&quot;,&quot;bottom&quot;:&quot;&quot;,&quot;left&quot;:&quot;&quot;,&quot;isLinked&quot;:true}}\" data-elementor-post-type=\"page\">\n\t\t\t\t\t\t<section class=\"elementor-section elementor-top-section elementor-element elementor-element-1f5c2bc6 elementor-section-boxed elementor-section-height-default elementor-section-height-default\" data-id=\"1f5c2bc6\" data-element_type=\"section\">\n\t\t\t\t\t\t<div class=\"elementor-container elementor-column-gap-default\">\n\t\t\t\t\t<div class=\"elementor-column elementor-col-100 elementor-top-column elementor-element elementor-element-3bbb23b\" data-id=\"3bbb23b\" data-element_type=\"column\">\n\t\t\t<div class=\"elementor-widget-wrap elementor-element-populated\">\n\t\t\t\t\t\t<div class=\"elementor-element elementor-element-45d3579a elementor-widget elementor-widget-text-editor\" data-id=\"45d3579a\" data-element_type=\"widget\" data-widget_type=\"text-editor.default\">\n\t\t\t\t<div class=\"elementor-widget-container\">\n\t\t\t\t\t\t\t\t\t<p>Pol\u00edtica de Privacidade<br \/>N\u00f3s recebemos, coletamos e arquivamos as informa\u00e7\u00f5es que voc\u00ea adiciona em nosso site ou nos fornece de qualquer outra forma. Al\u00e9m disso, n\u00f3s coletamos o endere\u00e7o IP utilizado para conectar o seu computador \u00e0 Internet; dados de login; endere\u00e7o de email; senha; informa\u00e7\u00f5es do computador e internet e hist\u00f3rico de compra. N\u00f3s poderemos utilizar ferramentas para medir e coletar informa\u00e7\u00f5es de navega\u00e7\u00e3o, incluindo o tempo de resposta das p\u00e1ginas, tempo total da visita em determinadas p\u00e1ginas, informa\u00e7\u00f5es de intera\u00e7\u00e3o com p\u00e1gina e os m\u00e9todos utilizados para deixar a p\u00e1gina. N\u00f3s tamb\u00e9m coletamos informa\u00e7\u00f5es de identifica\u00e7\u00e3o pessoal (incluindo nome, email, senha, meios de comunica\u00e7\u00e3o); detalhes de pagamento (incluindo informa\u00e7\u00f5es de cart\u00e3o de cr\u00e9dito), coment\u00e1rios, feedback, recomenda\u00e7\u00f5es e perfil pessoal.<\/p>\n<p>\u00a0<\/p>\n<p>Quando voc\u00ea realiza uma transa\u00e7\u00e3o em nosso site, como parte do procedimento, n\u00f3s coletamos as informa\u00e7\u00f5es pessoas fornecidas como o seu nome, endere\u00e7o e endere\u00e7o de email. As suas informa\u00e7\u00f5es pessoais ser\u00e3o utilizadas para as a\u00e7\u00f5es espec\u00edficas citadas abaixo apenas.<\/p>\n<p>Para prestar aos nossos Usu\u00e1rios assist\u00eancia e suporte t\u00e9cnico cont\u00ednuos ao cliente;<\/p>\n<p>Para prestar e operar os Servi\u00e7os;<\/p>\n<p>Para fornecer aos nossos usu\u00e1rios assist\u00eancia ao cliente cont\u00ednua e suporte t\u00e9cnico;<\/p>\n<p>Para poder entrar em contato com nossos visitantes e usu\u00e1rios com avisos gerais ou personalizados relacionados a servi\u00e7os e mensagens promocionais;<\/p>\n<p>Para criar dados estat\u00edsticos agregados e outras informa\u00e7\u00f5es n\u00e3o pessoais agregadas e\/ou inferidas, que podem ser usadas por n\u00f3s ou por nossos parceiros comerciais para prestar e melhorar nossos respectivos servi\u00e7os;<\/p>\n<p>Para cumprir quaisquer leis e regulamentos aplic\u00e1veis.,<\/p>\n<p>\u00a0<\/p>\n<p>Nosso neg\u00f3cio \u00e9 hospedado na plataforma www.institutobrotar.org.br\/ O wix.com nos fornece uma plataforma online que nos permite vender produtos e servi\u00e7os para nossos clientes. As suas informa\u00e7\u00f5es podem ser armazenadas no banco de dados do Wix.com. O Wix.com armazena as suas informa\u00e7\u00f5es em servidores seguros por firewall.<\/p>\n<p>\u00a0<\/p>\n<p>Todas as entradas de pagamento direto oferecidas pelo Wix.com e usados por nossa empresa aderem aos padr\u00f5es definidos pelo PCI-DSS, gerenciados pelo PCI Security Standards Council, que \u00e9 um esfor\u00e7o conjunto de marcas como Visa, MasterCard, American Express e Discover. Os requisitos do PCI-DSS ajudam a garantir o manuseio seguro das informa\u00e7\u00f5es de cart\u00e3o de cr\u00e9dito pela nossa loja e seus provedores de servi\u00e7os.<\/p>\n<p>\u00a0<\/p>\n<p>N\u00f3s temos o direito de modificar essa pol\u00edtica de privacidade a qualquer momento, portanto consulte regularmente. As altera\u00e7\u00f5es e esclarecimentos ser\u00e3o imediatamente colocadas em pr\u00e1ticas ap\u00f3s a altera\u00e7\u00e3o em nosso site. Caso realizarmos mudan\u00e7as referentes aos materiais dessa pol\u00edtica, voc\u00ea ser\u00e1 notificado para que esteja ciente das informa\u00e7\u00f5es que coletamos e como as utilizamos.<\/p>\t\t\t\t\t\t\t\t<\/div>\n\t\t\t\t<\/div>\n\t\t\t\t\t<\/div>\n\t\t<\/div>\n\t\t\t\t\t<\/div>\n\t\t<\/section>\n\t\t\t\t<\/div>\n\t\t","protected":false},"excerpt":{"rendered":"<p>Pol\u00edtica de Privacidade N\u00f3s recebemos, coletamos e arquivamos as informa\u00e7\u00f5es que voc\u00ea adiciona em nosso site ou nos fornece de qualquer outra forma. Al\u00e9m disso, n\u00f3s coletamos o endere\u00e7o IP utilizado para conectar o seu computador \u00e0 Internet; dados de login; endere\u00e7o de email; senha; informa\u00e7\u00f5es do computador e internet e hist\u00f3rico de compra. N\u00f3s [&hellip;]<\/p>\n","protected":false},"author":1,"featured_media":0,"parent":0,"menu_order":0,"comment_status":"closed","ping_status":"open","template":"","meta":{"zakra_page_container_layout":"customizer","zakra_page_sidebar_layout":"customizer","zakra_remove_content_margin":false,"zakra_sidebar":"customizer","zakra_transparent_header":"customizer","zakra_logo":0,"zakra_main_header_style":"default","zakra_menu_item_color":"","zakra_menu_item_hover_color":"","zakra_menu_item_active_color":"","zakra_menu_active_style":"","zakra_page_header":true,"om_disable_all_campaigns":false,"_monsterinsights_skip_tracking":false,"_monsterinsights_sitenote_active":false,"_monsterinsights_sitenote_note":"","_monsterinsights_sitenote_category":0,"footnotes":""},"class_list":["post-3","page","type-page","status-publish","hentry"],"aioseo_notices":[],"_links":{"self":[{"href":"https:\/\/institutobrotar.org.br\/index.php\/wp-json\/wp\/v2\/pages\/3","targetHints":{"allow":["GET"]}}],"collection":[{"href":"https:\/\/institutobrotar.org.br\/index.php\/wp-json\/wp\/v2\/pages"}],"about":[{"href":"https:\/\/institutobrotar.org.br\/index.php\/wp-json\/wp\/v2\/types\/page"}],"author":[{"embeddable":true,"href":"https:\/\/institutobrotar.org.br\/index.php\/wp-json\/wp\/v2\/users\/1"}],"replies":[{"embeddable":true,"href":"https:\/\/institutobrotar.org.br\/index.php\/wp-json\/wp\/v2\/comments?post=3"}],"version-history":[{"count":4,"href":"https:\/\/institutobrotar.org.br\/index.php\/wp-json\/wp\/v2\/pages\/3\/revisions"}],"predecessor-version":[{"id":1480,"href":"https:\/\/institutobrotar.org.br\/index.php\/wp-json\/wp\/v2\/pages\/3\/revisions\/1480"}],"wp:attachment":[{"href":"https:\/\/institutobrotar.org.br\/index.php\/wp-json\/wp\/v2\/media?parent=3"}],"curies":[{"name":"wp","href":"https:\/\/api.w.org\/{rel}","templated":true}]}}