{"id":2496,"date":"2025-05-06T22:23:16","date_gmt":"2025-05-06T22:23:16","guid":{"rendered":"https:\/\/institutobrotar.org.br\/?page_id=2496"},"modified":"2025-12-10T18:41:04","modified_gmt":"2025-12-10T18:41:04","slug":"comunidades-vivas","status":"publish","type":"page","link":"https:\/\/institutobrotar.org.br\/index.php\/comunidades-vivas\/","title":{"rendered":"Comunidades vivas"},"content":{"rendered":"\t\t<div data-elementor-type=\"wp-page\" data-elementor-id=\"2496\" class=\"elementor elementor-2496\" data-elementor-settings=\"{&quot;element_pack_global_tooltip_width&quot;:{&quot;unit&quot;:&quot;px&quot;,&quot;size&quot;:&quot;&quot;,&quot;sizes&quot;:[]},&quot;element_pack_global_tooltip_width_tablet&quot;:{&quot;unit&quot;:&quot;px&quot;,&quot;size&quot;:&quot;&quot;,&quot;sizes&quot;:[]},&quot;element_pack_global_tooltip_width_mobile&quot;:{&quot;unit&quot;:&quot;px&quot;,&quot;size&quot;:&quot;&quot;,&quot;sizes&quot;:[]},&quot;element_pack_global_tooltip_padding&quot;:{&quot;unit&quot;:&quot;px&quot;,&quot;top&quot;:&quot;&quot;,&quot;right&quot;:&quot;&quot;,&quot;bottom&quot;:&quot;&quot;,&quot;left&quot;:&quot;&quot;,&quot;isLinked&quot;:true},&quot;element_pack_global_tooltip_padding_tablet&quot;:{&quot;unit&quot;:&quot;px&quot;,&quot;top&quot;:&quot;&quot;,&quot;right&quot;:&quot;&quot;,&quot;bottom&quot;:&quot;&quot;,&quot;left&quot;:&quot;&quot;,&quot;isLinked&quot;:true},&quot;element_pack_global_tooltip_padding_mobile&quot;:{&quot;unit&quot;:&quot;px&quot;,&quot;top&quot;:&quot;&quot;,&quot;right&quot;:&quot;&quot;,&quot;bottom&quot;:&quot;&quot;,&quot;left&quot;:&quot;&quot;,&quot;isLinked&quot;:true},&quot;element_pack_global_tooltip_border_radius&quot;:{&quot;unit&quot;:&quot;px&quot;,&quot;top&quot;:&quot;&quot;,&quot;right&quot;:&quot;&quot;,&quot;bottom&quot;:&quot;&quot;,&quot;left&quot;:&quot;&quot;,&quot;isLinked&quot;:true},&quot;element_pack_global_tooltip_border_radius_tablet&quot;:{&quot;unit&quot;:&quot;px&quot;,&quot;top&quot;:&quot;&quot;,&quot;right&quot;:&quot;&quot;,&quot;bottom&quot;:&quot;&quot;,&quot;left&quot;:&quot;&quot;,&quot;isLinked&quot;:true},&quot;element_pack_global_tooltip_border_radius_mobile&quot;:{&quot;unit&quot;:&quot;px&quot;,&quot;top&quot;:&quot;&quot;,&quot;right&quot;:&quot;&quot;,&quot;bottom&quot;:&quot;&quot;,&quot;left&quot;:&quot;&quot;,&quot;isLinked&quot;:true}}\" data-elementor-post-type=\"page\">\n\t\t\t\t\t\t<section class=\"elementor-section elementor-top-section elementor-element elementor-element-5756012 elementor-section-height-min-height elementor-hidden-mobile elementor-section-boxed elementor-section-height-default elementor-section-items-middle\" data-id=\"5756012\" data-element_type=\"section\" data-settings=\"{&quot;background_background&quot;:&quot;classic&quot;}\">\n\t\t\t\t\t\t\t<div class=\"elementor-background-overlay\"><\/div>\n\t\t\t\t\t\t\t<div class=\"elementor-container elementor-column-gap-no\">\n\t\t\t\t\t<div class=\"elementor-column elementor-col-100 elementor-top-column elementor-element elementor-element-9e4b05c\" data-id=\"9e4b05c\" data-element_type=\"column\">\n\t\t\t<div class=\"elementor-widget-wrap elementor-element-populated\">\n\t\t\t\t\t\t<div class=\"elementor-element elementor-element-cd60e60 elementor-widget elementor-widget-image\" data-id=\"cd60e60\" data-element_type=\"widget\" data-widget_type=\"image.default\">\n\t\t\t\t<div class=\"elementor-widget-container\">\n\t\t\t\t\t\t\t\t\t\t\t\t\t\t\t<img fetchpriority=\"high\" decoding=\"async\" width=\"300\" height=\"201\" src=\"https:\/\/institutobrotar.org.br\/wp-content\/uploads\/2025\/04\/Group-12-300x201.png\" class=\"attachment-medium size-medium wp-image-2402\" alt=\"\" srcset=\"https:\/\/institutobrotar.org.br\/wp-content\/uploads\/2025\/04\/Group-12-300x201.png 300w, https:\/\/institutobrotar.org.br\/wp-content\/uploads\/2025\/04\/Group-12.png 548w\" sizes=\"(max-width: 300px) 100vw, 300px\" \/>\t\t\t\t\t\t\t\t\t\t\t\t\t\t\t<\/div>\n\t\t\t\t<\/div>\n\t\t\t\t\t<\/div>\n\t\t<\/div>\n\t\t\t\t\t<\/div>\n\t\t<\/section>\n\t\t\t\t<section class=\"elementor-section elementor-top-section elementor-element elementor-element-db59d0b elementor-section-height-full elementor-hidden-desktop elementor-section-boxed elementor-section-height-default elementor-section-items-middle\" data-id=\"db59d0b\" data-element_type=\"section\" data-settings=\"{&quot;background_background&quot;:&quot;classic&quot;}\">\n\t\t\t\t\t\t\t<div class=\"elementor-background-overlay\"><\/div>\n\t\t\t\t\t\t\t<div class=\"elementor-container elementor-column-gap-no\">\n\t\t\t\t\t<div class=\"elementor-column elementor-col-100 elementor-top-column elementor-element elementor-element-a66b62f\" data-id=\"a66b62f\" data-element_type=\"column\">\n\t\t\t<div class=\"elementor-widget-wrap elementor-element-populated\">\n\t\t\t\t\t\t<div class=\"elementor-element elementor-element-cb63696 elementor-widget elementor-widget-image\" data-id=\"cb63696\" data-element_type=\"widget\" data-widget_type=\"image.default\">\n\t\t\t\t<div class=\"elementor-widget-container\">\n\t\t\t\t\t\t\t\t\t\t\t\t\t\t\t<img fetchpriority=\"high\" decoding=\"async\" width=\"300\" height=\"201\" src=\"https:\/\/institutobrotar.org.br\/wp-content\/uploads\/2025\/04\/Group-12-300x201.png\" class=\"attachment-medium size-medium wp-image-2402\" alt=\"\" srcset=\"https:\/\/institutobrotar.org.br\/wp-content\/uploads\/2025\/04\/Group-12-300x201.png 300w, https:\/\/institutobrotar.org.br\/wp-content\/uploads\/2025\/04\/Group-12.png 548w\" sizes=\"(max-width: 300px) 100vw, 300px\" \/>\t\t\t\t\t\t\t\t\t\t\t\t\t\t\t<\/div>\n\t\t\t\t<\/div>\n\t\t\t\t\t<\/div>\n\t\t<\/div>\n\t\t\t\t\t<\/div>\n\t\t<\/section>\n\t\t<div class=\"elementor-element elementor-element-35568e1 e-flex e-con-boxed e-con e-parent\" data-id=\"35568e1\" data-element_type=\"container\">\n\t\t\t\t\t<div class=\"e-con-inner\">\n\t\t<div class=\"elementor-element elementor-element-25091ed e-con-full e-flex e-con e-child\" data-id=\"25091ed\" data-element_type=\"container\">\n\t\t\t\t<div class=\"elementor-element elementor-element-2289d06 elementor-widget elementor-widget-heading\" data-id=\"2289d06\" data-element_type=\"widget\" data-widget_type=\"heading.default\">\n\t\t\t\t<div class=\"elementor-widget-container\">\n\t\t\t\t\t<h3 class=\"elementor-heading-title elementor-size-default\">CONHE\u00c7A AS COMUNIDADES VIVAS<\/h3>\t\t\t\t<\/div>\n\t\t\t\t<\/div>\n\t\t\t\t<div class=\"elementor-element elementor-element-0ea1b61 elementor-widget elementor-widget-text-editor\" data-id=\"0ea1b61\" data-element_type=\"widget\" data-widget_type=\"text-editor.default\">\n\t\t\t\t<div class=\"elementor-widget-container\">\n\t\t\t\t\t\t\t\t\t<p>Esse projeto visa a melhoria da qualidade de vida e autonomia das fam\u00edlias do campo, atrav\u00e9s da implanta\u00e7\u00e3o de tecnologias sociais (biodigestor e bio\u00e1gua), promovendo a gera\u00e7\u00e3o de renda, seguran\u00e7a alimentar, preserva\u00e7\u00e3o ambiental e dignidade das fam\u00edlias. S\u00e3o tamb\u00e9m realizadas capacita\u00e7\u00f5es (Conviv\u00eancia com semi\u00e1rido, agroecologia, g\u00eanero e gera\u00e7\u00e3o, educa\u00e7\u00e3o ambiental) e espa\u00e7os de comercializa\u00e7\u00e3o atrav\u00e9s das feirinhas agroecol\u00f3gicas. Todas as fam\u00edlias s\u00e3o acompanhadas nos \u00e2mbitos: social (Assistente Social), produtivo e ambiental. O Comunidades Vivas promove a garantia dos direitos dos seus benefici\u00e1rios e o conhecimento sobre as tecnologias sociais, para que as fam\u00edlias consigam manter as tecnologias funcionando.<\/p>\t\t\t\t\t\t\t\t<\/div>\n\t\t\t\t<\/div>\n\t\t\t\t<\/div>\n\t\t<div class=\"elementor-element elementor-element-80d12d5 e-con-full e-flex e-con e-child\" data-id=\"80d12d5\" data-element_type=\"container\">\n\t\t\t\t<div class=\"elementor-element elementor-element-26f3cb5 elementor-widget elementor-widget-image\" data-id=\"26f3cb5\" data-element_type=\"widget\" data-widget_type=\"image.default\">\n\t\t\t\t<div class=\"elementor-widget-container\">\n\t\t\t\t\t\t\t\t\t\t\t\t\t\t\t<img decoding=\"async\" src=\"https:\/\/institutobrotar.org.br\/wp-content\/uploads\/elementor\/thumbs\/image-24-r5cb9wigz7uqbwjzrkh0d9s3cd0ittj08cw0o67jtg.png\" title=\"image 24\" alt=\"image 24\" loading=\"lazy\" \/>\t\t\t\t\t\t\t\t\t\t\t\t\t\t\t<\/div>\n\t\t\t\t<\/div>\n\t\t\t\t<div class=\"elementor-element elementor-element-84d6024 elementor-align-center elementor-widget elementor-widget-button\" data-id=\"84d6024\" data-element_type=\"widget\" data-widget_type=\"button.default\">\n\t\t\t\t<div class=\"elementor-widget-container\">\n\t\t\t\t\t\t\t\t\t<div class=\"elementor-button-wrapper\">\n\t\t\t\t\t<a class=\"elementor-button elementor-button-link elementor-size-sm\" href=\"https:\/\/linktr.ee\/ajudeoinstitutobrotar\">\n\t\t\t\t\t\t<span class=\"elementor-button-content-wrapper\">\n\t\t\t\t\t\t\t\t\t<span class=\"elementor-button-text\">FA\u00c7A UMA DOA\u00c7\u00c3O<\/span>\n\t\t\t\t\t<\/span>\n\t\t\t\t\t<\/a>\n\t\t\t\t<\/div>\n\t\t\t\t\t\t\t\t<\/div>\n\t\t\t\t<\/div>\n\t\t\t\t<\/div>\n\t\t\t\t\t<\/div>\n\t\t\t\t<\/div>\n\t\t<div class=\"elementor-element elementor-element-ca979a2 e-flex e-con-boxed e-con e-parent\" data-id=\"ca979a2\" data-element_type=\"container\">\n\t\t\t\t\t<div class=\"e-con-inner\">\n\t\t<div class=\"elementor-element elementor-element-5690438 e-con-full e-flex e-con e-child\" data-id=\"5690438\" data-element_type=\"container\">\n\t\t<div class=\"elementor-element elementor-element-41f995b e-con-full e-flex e-con e-child\" data-id=\"41f995b\" data-element_type=\"container\">\n\t\t\t\t<div class=\"elementor-element elementor-element-fb5c69d elementor-widget elementor-widget-heading\" data-id=\"fb5c69d\" data-element_type=\"widget\" data-widget_type=\"heading.default\">\n\t\t\t\t<div class=\"elementor-widget-container\">\n\t\t\t\t\t<h2 class=\"elementor-heading-title elementor-size-default\">PARCERIAS QUE TRANSFORMAM VIDAS<\/h2>\t\t\t\t<\/div>\n\t\t\t\t<\/div>\n\t\t\t\t<div class=\"elementor-element elementor-element-755f599 elementor-widget elementor-widget-text-editor\" data-id=\"755f599\" data-element_type=\"widget\" data-widget_type=\"text-editor.default\">\n\t\t\t\t<div class=\"elementor-widget-container\">\n\t\t\t\t\t\t\t\t\t<p>O projeto Comunidades Vivas j\u00e1 contou com apoio da Funda\u00e7\u00e3o Interamericana \u2013 IAF, Secretaria de Desenvolvimento Agr\u00e1rio (DAS)-Agropolos, Instituto Viva Cidadania (IVC) e do Banco do Nordeste (BNB) FUNDECI. Gra\u00e7as ao financiamento j\u00e1 conseguimos beneficiar mais de 50 fam\u00edlias, impactando mais de 300 vidas diretamente e mais de 800 indiretamente.<\/p>\t\t\t\t\t\t\t\t<\/div>\n\t\t\t\t<\/div>\n\t\t\t\t<\/div>\n\t\t<div class=\"elementor-element elementor-element-bf0e066 e-con-full e-flex e-con e-child\" data-id=\"bf0e066\" data-element_type=\"container\">\n\t\t<div class=\"elementor-element elementor-element-53930d3 e-con-full e-flex e-con e-child\" data-id=\"53930d3\" data-element_type=\"container\">\n\t\t\t\t<div class=\"elementor-element elementor-element-baf0d8a elementor-widget elementor-widget-image\" data-id=\"baf0d8a\" data-element_type=\"widget\" data-widget_type=\"image.default\">\n\t\t\t\t<div class=\"elementor-widget-container\">\n\t\t\t\t\t\t\t\t\t\t\t\t\t\t\t<img decoding=\"async\" width=\"657\" height=\"356\" src=\"https:\/\/institutobrotar.org.br\/wp-content\/uploads\/2025\/05\/image-23.png\" class=\"attachment-large size-large wp-image-2491\" alt=\"\" srcset=\"https:\/\/institutobrotar.org.br\/wp-content\/uploads\/2025\/05\/image-23.png 657w, https:\/\/institutobrotar.org.br\/wp-content\/uploads\/2025\/05\/image-23-300x163.png 300w\" sizes=\"(max-width: 657px) 100vw, 657px\" \/>\t\t\t\t\t\t\t\t\t\t\t\t\t\t\t<\/div>\n\t\t\t\t<\/div>\n\t\t\t\t<\/div>\n\t\t<div class=\"elementor-element elementor-element-d2d0a87 e-con-full e-flex e-con e-child\" data-id=\"d2d0a87\" data-element_type=\"container\">\n\t\t\t\t<div class=\"elementor-element elementor-element-1d8702e elementor-widget elementor-widget-text-editor\" data-id=\"1d8702e\" data-element_type=\"widget\" data-widget_type=\"text-editor.default\">\n\t\t\t\t<div class=\"elementor-widget-container\">\n\t\t\t\t\t\t\t\t\t<p>SDA\/Agropolos &#8211; 21 bio\u00e1gua e 07 biodigestores = 28<br \/><br \/>IAF \u2013 15 bio\u00e1gua e 15 biodigestores = 30<br \/><br \/>BNB\/Fundeci \u2013 11 bio\u00e1gua e 11 biodigestores = 22<br \/><br \/>IVC \u2013 01 bio\u00e1gua e 01 biodigestor\u00a0=\u00a002<br \/><br \/>Do IAF nos calculamos 300 diretos e 800 Indiretos<\/p>\t\t\t\t\t\t\t\t<\/div>\n\t\t\t\t<\/div>\n\t\t\t\t<\/div>\n\t\t\t\t<\/div>\n\t\t<div class=\"elementor-element elementor-element-ddd42e2 e-con-full e-flex e-con e-child\" data-id=\"ddd42e2\" data-element_type=\"container\">\n\t\t<div class=\"elementor-element elementor-element-d9edd83 e-con-full e-flex e-con e-child\" data-id=\"d9edd83\" data-element_type=\"container\">\n\t\t\t\t<div class=\"elementor-element elementor-element-fd24b7f elementor-widget elementor-widget-heading\" data-id=\"fd24b7f\" data-element_type=\"widget\" data-widget_type=\"heading.default\">\n\t\t\t\t<div class=\"elementor-widget-container\">\n\t\t\t\t\t<h4 class=\"elementor-heading-title elementor-size-default\">COMO FUNCIONA A BIO\u00c1GUA?<\/h4>\t\t\t\t<\/div>\n\t\t\t\t<\/div>\n\t\t\t\t<div class=\"elementor-element elementor-element-56281ae elementor-widget elementor-widget-text-editor\" data-id=\"56281ae\" data-element_type=\"widget\" data-widget_type=\"text-editor.default\">\n\t\t\t\t<div class=\"elementor-widget-container\">\n\t\t\t\t\t\t\t\t\t<p>A tecnologia social Bio\u00e1gua reutiliza \u00e1guas cinzas, como as da lavagem de pratos e roupas, para irriga\u00e7\u00e3o de hortali\u00e7as, frutas e plantas medicinais. A \u00e1gua passa por filtragem, \u00e9 armazenada e distribu\u00edda por gravidade, reduzindo desperd\u00edcio e promovendo a produ\u00e7\u00e3o agroecol\u00f3gica sem agrot\u00f3xicos. O sistema tamb\u00e9m gera h\u00famus e minhocas californianas, que podem ser usados na agricultura ou comercializados, contribuindo para a renda familiar.<br \/>Al\u00e9m dos benef\u00edcios ambientais, a tecnologia melhora a qualidade de vida das fam\u00edlias do semi\u00e1rido cearense, fornecendo saneamento b\u00e1sico e prevenindo doen\u00e7as. Com a correta destina\u00e7\u00e3o da \u00e1gua, os terrenos deixam de acumular res\u00edduos, proporcionando mais sa\u00fade e dignidade. O projeto tamb\u00e9m incentiva a troca de conhecimentos entre os benefici\u00e1rios, fortalecendo a comunidade e promovendo a sustentabilidade. O Instituto Viva Cidadania acompanha as fam\u00edlias, assegurando seus direitos e bem-estar.<\/p>\t\t\t\t\t\t\t\t<\/div>\n\t\t\t\t<\/div>\n\t\t\t\t<\/div>\n\t\t<div class=\"elementor-element elementor-element-9e4fbe6 e-con-full e-flex e-con e-child\" data-id=\"9e4fbe6\" data-element_type=\"container\">\n\t\t\t\t<div class=\"elementor-element elementor-element-cd55700 elementor-widget elementor-widget-image\" data-id=\"cd55700\" data-element_type=\"widget\" data-widget_type=\"image.default\">\n\t\t\t\t<div class=\"elementor-widget-container\">\n\t\t\t\t\t\t\t\t\t\t\t\t\t\t\t<img decoding=\"async\" src=\"https:\/\/institutobrotar.org.br\/wp-content\/uploads\/elementor\/thumbs\/image-25-r5cbmjgc93ram64arkouu1k0c6mczg38d0cfve8e5c.png\" title=\"image 25\" alt=\"image 25\" loading=\"lazy\" \/>\t\t\t\t\t\t\t\t\t\t\t\t\t\t\t<\/div>\n\t\t\t\t<\/div>\n\t\t\t\t<\/div>\n\t\t\t\t<\/div>\n\t\t<div class=\"elementor-element elementor-element-5b98c81 e-con-full e-flex e-con e-child\" data-id=\"5b98c81\" data-element_type=\"container\">\n\t\t<div class=\"elementor-element elementor-element-62fc2fe e-con-full e-flex e-con e-child\" data-id=\"62fc2fe\" data-element_type=\"container\">\n\t\t\t\t<div class=\"elementor-element elementor-element-bcf6d90 elementor-widget elementor-widget-image\" data-id=\"bcf6d90\" data-element_type=\"widget\" data-widget_type=\"image.default\">\n\t\t\t\t<div class=\"elementor-widget-container\">\n\t\t\t\t\t\t\t\t\t\t\t\t\t\t\t<img decoding=\"async\" src=\"https:\/\/institutobrotar.org.br\/wp-content\/uploads\/elementor\/thumbs\/image-26-r5cbpnb48gm76riyeylvipwoid783jtfihomwmdxkc.png\" title=\"image 26\" alt=\"image 26\" loading=\"lazy\" \/>\t\t\t\t\t\t\t\t\t\t\t\t\t\t\t<\/div>\n\t\t\t\t<\/div>\n\t\t\t\t<\/div>\n\t\t<div class=\"elementor-element elementor-element-e1384e7 e-con-full e-flex e-con e-child\" data-id=\"e1384e7\" data-element_type=\"container\">\n\t\t\t\t<div class=\"elementor-element elementor-element-d28def1 elementor-widget elementor-widget-heading\" data-id=\"d28def1\" data-element_type=\"widget\" data-widget_type=\"heading.default\">\n\t\t\t\t<div class=\"elementor-widget-container\">\n\t\t\t\t\t<h4 class=\"elementor-heading-title elementor-size-default\">COMO FUNCIONA O BIODIGESTOR?<\/h4>\t\t\t\t<\/div>\n\t\t\t\t<\/div>\n\t\t\t\t<div class=\"elementor-element elementor-element-d75767c elementor-widget elementor-widget-text-editor\" data-id=\"d75767c\" data-element_type=\"widget\" data-widget_type=\"text-editor.default\">\n\t\t\t\t<div class=\"elementor-widget-container\">\n\t\t\t\t\t\t\t\t\t<p>O biodigestor transforma esterco animal em biog\u00e1s, substituindo o g\u00e1s de cozinha e reduzindo custos para fam\u00edlias rurais. Al\u00e9m de gerar energia renov\u00e1vel, diminui a emiss\u00e3o de metano, um dos principais gases do efeito estufa, e reduz o consumo de combust\u00edveis f\u00f3sseis. O processo tamb\u00e9m produz fertilizante natural, que pode ser usado na planta\u00e7\u00e3o ou comercializado. O Instituto Brotar, junto com os benefici\u00e1rios, busca novas formas de aproveitamento do biog\u00e1s, como envase para venda e uso como combust\u00edvel.<\/p>\t\t\t\t\t\t\t\t<\/div>\n\t\t\t\t<\/div>\n\t\t\t\t<\/div>\n\t\t\t\t<\/div>\n\t\t\t\t<\/div>\n\t\t\t\t\t<\/div>\n\t\t\t\t<\/div>\n\t\t<div class=\"elementor-element elementor-element-abcca4e e-flex e-con-boxed e-con e-parent\" data-id=\"abcca4e\" data-element_type=\"container\" data-settings=\"{&quot;background_background&quot;:&quot;classic&quot;}\">\n\t\t\t\t\t<div class=\"e-con-inner\">\n\t\t<div class=\"elementor-element elementor-element-ec4a017 e-con-full e-flex e-con e-child\" data-id=\"ec4a017\" data-element_type=\"container\">\n\t\t\t\t<div class=\"elementor-element elementor-element-b66869e elementor-widget elementor-widget-image\" data-id=\"b66869e\" data-element_type=\"widget\" data-widget_type=\"image.default\">\n\t\t\t\t<div class=\"elementor-widget-container\">\n\t\t\t\t\t\t\t\t\t\t\t\t\t\t\t<img decoding=\"async\" src=\"https:\/\/institutobrotar.org.br\/wp-content\/uploads\/elementor\/thumbs\/cropped-o-presente-do-seu-pai-esta-aqui-1080-\u00d7-1080-px-1-q0so9bj26psnlndyh2bk5tab6vdy3v7hjr0k36vzfk.png\" title=\"cropped-o-presente-do-seu-pai-esta-aqui-1080-\u00d7-1080-px-1.png\" alt=\"cropped-o-presente-do-seu-pai-esta-aqui-1080-\u00d7-1080-px-1.png\" loading=\"lazy\" \/>\t\t\t\t\t\t\t\t\t\t\t\t\t\t\t<\/div>\n\t\t\t\t<\/div>\n\t\t\t\t<\/div>\n\t\t<div class=\"elementor-element elementor-element-5741c21 e-con-full e-flex e-con e-child\" data-id=\"5741c21\" data-element_type=\"container\">\n\t\t\t\t<div class=\"elementor-element elementor-element-6612d50 elementor-widget__width-initial elementor-widget elementor-widget-text-editor\" data-id=\"6612d50\" data-element_type=\"widget\" data-widget_type=\"text-editor.default\">\n\t\t\t\t<div class=\"elementor-widget-container\">\n\t\t\t\t\t\t\t\t\t<p><strong>Voc\u00ea tamb\u00e9m pode transformar vidas.<\/strong> Junte-se a n\u00f3s e apoie essa causa!<\/p>\t\t\t\t\t\t\t\t<\/div>\n\t\t\t\t<\/div>\n\t\t<div class=\"elementor-element elementor-element-c187b5e e-con-full e-flex e-con e-child\" data-id=\"c187b5e\" data-element_type=\"container\">\n\t\t\t\t<div class=\"elementor-element elementor-element-ce58f4d elementor-widget elementor-widget-button\" data-id=\"ce58f4d\" data-element_type=\"widget\" data-widget_type=\"button.default\">\n\t\t\t\t<div class=\"elementor-widget-container\">\n\t\t\t\t\t\t\t\t\t<div class=\"elementor-button-wrapper\">\n\t\t\t\t\t<a class=\"elementor-button elementor-button-link elementor-size-sm\" href=\"https:\/\/linktr.ee\/ajudeoinstitutobrotar\">\n\t\t\t\t\t\t<span class=\"elementor-button-content-wrapper\">\n\t\t\t\t\t\t\t\t\t<span class=\"elementor-button-text\">FA\u00c7A UMA DOA\u00c7\u00c3O<\/span>\n\t\t\t\t\t<\/span>\n\t\t\t\t\t<\/a>\n\t\t\t\t<\/div>\n\t\t\t\t\t\t\t\t<\/div>\n\t\t\t\t<\/div>\n\t\t\t\t<div class=\"elementor-element elementor-element-34c0de7 elementor-widget elementor-widget-button\" data-id=\"34c0de7\" data-element_type=\"widget\" data-widget_type=\"button.default\">\n\t\t\t\t<div class=\"elementor-widget-container\">\n\t\t\t\t\t\t\t\t\t<div class=\"elementor-button-wrapper\">\n\t\t\t\t\t<a class=\"elementor-button elementor-button-link elementor-size-sm\" href=\"https:\/\/institutobrotar.org.br\/index.php\/volutarios\">\n\t\t\t\t\t\t<span class=\"elementor-button-content-wrapper\">\n\t\t\t\t\t\t\t\t\t<span class=\"elementor-button-text\">SEJA UM VOLUNTARIO<\/span>\n\t\t\t\t\t<\/span>\n\t\t\t\t\t<\/a>\n\t\t\t\t<\/div>\n\t\t\t\t\t\t\t\t<\/div>\n\t\t\t\t<\/div>\n\t\t\t\t<\/div>\n\t\t\t\t<\/div>\n\t\t\t\t\t<\/div>\n\t\t\t\t<\/div>\n\t\t\t\t<\/div>\n\t\t","protected":false},"excerpt":{"rendered":"<p>CONHE\u00c7A AS COMUNIDADES VIVAS Esse projeto visa a melhoria da qualidade de vida e autonomia das fam\u00edlias do campo, atrav\u00e9s da implanta\u00e7\u00e3o de tecnologias sociais (biodigestor e bio\u00e1gua), promovendo a gera\u00e7\u00e3o de renda, seguran\u00e7a alimentar, preserva\u00e7\u00e3o ambiental e dignidade das fam\u00edlias. S\u00e3o tamb\u00e9m realizadas capacita\u00e7\u00f5es (Conviv\u00eancia com semi\u00e1rido, agroecologia, g\u00eanero e gera\u00e7\u00e3o, educa\u00e7\u00e3o ambiental) e [&hellip;]<\/p>\n","protected":false},"author":1,"featured_media":0,"parent":0,"menu_order":0,"comment_status":"closed","ping_status":"closed","template":"","meta":{"zakra_page_container_layout":"customizer","zakra_page_sidebar_layout":"customizer","zakra_remove_content_margin":false,"zakra_sidebar":"customizer","zakra_transparent_header":"customizer","zakra_logo":0,"zakra_main_header_style":"default","zakra_menu_item_color":"","zakra_menu_item_hover_color":"","zakra_menu_item_active_color":"","zakra_menu_active_style":"","zakra_page_header":true,"om_disable_all_campaigns":false,"_monsterinsights_skip_tracking":false,"_monsterinsights_sitenote_active":false,"_monsterinsights_sitenote_note":"","_monsterinsights_sitenote_category":0,"footnotes":""},"class_list":["post-2496","page","type-page","status-publish","hentry"],"aioseo_notices":[],"_links":{"self":[{"href":"https:\/\/institutobrotar.org.br\/index.php\/wp-json\/wp\/v2\/pages\/2496","targetHints":{"allow":["GET"]}}],"collection":[{"href":"https:\/\/institutobrotar.org.br\/index.php\/wp-json\/wp\/v2\/pages"}],"about":[{"href":"https:\/\/institutobrotar.org.br\/index.php\/wp-json\/wp\/v2\/types\/page"}],"author":[{"embeddable":true,"href":"https:\/\/institutobrotar.org.br\/index.php\/wp-json\/wp\/v2\/users\/1"}],"replies":[{"embeddable":true,"href":"https:\/\/institutobrotar.org.br\/index.php\/wp-json\/wp\/v2\/comments?post=2496"}],"version-history":[{"count":37,"href":"https:\/\/institutobrotar.org.br\/index.php\/wp-json\/wp\/v2\/pages\/2496\/revisions"}],"predecessor-version":[{"id":3586,"href":"https:\/\/institutobrotar.org.br\/index.php\/wp-json\/wp\/v2\/pages\/2496\/revisions\/3586"}],"wp:attachment":[{"href":"https:\/\/institutobrotar.org.br\/index.php\/wp-json\/wp\/v2\/media?parent=2496"}],"curies":[{"name":"wp","href":"https:\/\/api.w.org\/{rel}","templated":true}]}}