{"id":2358,"date":"2025-04-26T13:04:29","date_gmt":"2025-04-26T13:04:29","guid":{"rendered":"https:\/\/institutobrotar.org.br\/?page_id=2358"},"modified":"2025-05-03T01:15:46","modified_gmt":"2025-05-03T01:15:46","slug":"volutarios","status":"publish","type":"page","link":"https:\/\/institutobrotar.org.br\/index.php\/volutarios\/","title":{"rendered":"volutarios"},"content":{"rendered":"\t\t<div data-elementor-type=\"wp-page\" data-elementor-id=\"2358\" class=\"elementor elementor-2358\" data-elementor-settings=\"{&quot;element_pack_global_tooltip_width&quot;:{&quot;unit&quot;:&quot;px&quot;,&quot;size&quot;:&quot;&quot;,&quot;sizes&quot;:[]},&quot;element_pack_global_tooltip_width_tablet&quot;:{&quot;unit&quot;:&quot;px&quot;,&quot;size&quot;:&quot;&quot;,&quot;sizes&quot;:[]},&quot;element_pack_global_tooltip_width_mobile&quot;:{&quot;unit&quot;:&quot;px&quot;,&quot;size&quot;:&quot;&quot;,&quot;sizes&quot;:[]},&quot;element_pack_global_tooltip_padding&quot;:{&quot;unit&quot;:&quot;px&quot;,&quot;top&quot;:&quot;&quot;,&quot;right&quot;:&quot;&quot;,&quot;bottom&quot;:&quot;&quot;,&quot;left&quot;:&quot;&quot;,&quot;isLinked&quot;:true},&quot;element_pack_global_tooltip_padding_tablet&quot;:{&quot;unit&quot;:&quot;px&quot;,&quot;top&quot;:&quot;&quot;,&quot;right&quot;:&quot;&quot;,&quot;bottom&quot;:&quot;&quot;,&quot;left&quot;:&quot;&quot;,&quot;isLinked&quot;:true},&quot;element_pack_global_tooltip_padding_mobile&quot;:{&quot;unit&quot;:&quot;px&quot;,&quot;top&quot;:&quot;&quot;,&quot;right&quot;:&quot;&quot;,&quot;bottom&quot;:&quot;&quot;,&quot;left&quot;:&quot;&quot;,&quot;isLinked&quot;:true},&quot;element_pack_global_tooltip_border_radius&quot;:{&quot;unit&quot;:&quot;px&quot;,&quot;top&quot;:&quot;&quot;,&quot;right&quot;:&quot;&quot;,&quot;bottom&quot;:&quot;&quot;,&quot;left&quot;:&quot;&quot;,&quot;isLinked&quot;:true},&quot;element_pack_global_tooltip_border_radius_tablet&quot;:{&quot;unit&quot;:&quot;px&quot;,&quot;top&quot;:&quot;&quot;,&quot;right&quot;:&quot;&quot;,&quot;bottom&quot;:&quot;&quot;,&quot;left&quot;:&quot;&quot;,&quot;isLinked&quot;:true},&quot;element_pack_global_tooltip_border_radius_mobile&quot;:{&quot;unit&quot;:&quot;px&quot;,&quot;top&quot;:&quot;&quot;,&quot;right&quot;:&quot;&quot;,&quot;bottom&quot;:&quot;&quot;,&quot;left&quot;:&quot;&quot;,&quot;isLinked&quot;:true}}\" data-elementor-post-type=\"page\">\n\t\t\t\t<div class=\"elementor-element elementor-element-bc632ec e-flex e-con-boxed e-con e-parent\" data-id=\"bc632ec\" data-element_type=\"container\" data-settings=\"{&quot;background_background&quot;:&quot;classic&quot;}\">\n\t\t\t\t\t<div class=\"e-con-inner\">\n\t\t\t\t<div class=\"elementor-element elementor-element-f855f65 elementor-widget elementor-widget-image\" data-id=\"f855f65\" data-element_type=\"widget\" data-widget_type=\"image.default\">\n\t\t\t\t<div class=\"elementor-widget-container\">\n\t\t\t\t\t\t\t\t\t\t\t\t\t\t\t<img fetchpriority=\"high\" decoding=\"async\" width=\"300\" height=\"201\" src=\"https:\/\/institutobrotar.org.br\/wp-content\/uploads\/2025\/04\/Group-12-300x201.png\" class=\"attachment-medium size-medium wp-image-2402\" alt=\"\" srcset=\"https:\/\/institutobrotar.org.br\/wp-content\/uploads\/2025\/04\/Group-12-300x201.png 300w, https:\/\/institutobrotar.org.br\/wp-content\/uploads\/2025\/04\/Group-12.png 548w\" sizes=\"(max-width: 300px) 100vw, 300px\" \/>\t\t\t\t\t\t\t\t\t\t\t\t\t\t\t<\/div>\n\t\t\t\t<\/div>\n\t\t\t\t\t<\/div>\n\t\t\t\t<\/div>\n\t\t<div class=\"elementor-element elementor-element-6f37e91 e-flex e-con-boxed e-con e-parent\" data-id=\"6f37e91\" data-element_type=\"container\">\n\t\t\t\t\t<div class=\"e-con-inner\">\n\t\t<div class=\"elementor-element elementor-element-3ed664d e-con-full e-flex e-con e-child\" data-id=\"3ed664d\" data-element_type=\"container\">\n\t\t\t\t<div class=\"elementor-element elementor-element-da5592d elementor-widget elementor-widget-heading\" data-id=\"da5592d\" data-element_type=\"widget\" data-widget_type=\"heading.default\">\n\t\t\t\t<div class=\"elementor-widget-container\">\n\t\t\t\t\t<h2 class=\"elementor-heading-title elementor-size-default\">SEJA UM VOLUNT\u00c1RIO!<\/h2>\t\t\t\t<\/div>\n\t\t\t\t<\/div>\n\t\t\t\t<div class=\"elementor-element elementor-element-499edf7 elementor-widget elementor-widget-text-editor\" data-id=\"499edf7\" data-element_type=\"widget\" data-widget_type=\"text-editor.default\">\n\t\t\t\t<div class=\"elementor-widget-container\">\n\t\t\t\t\t\t\t\t\t<p>Doe seu tempo e transforme vidas! O voluntariado traz benef\u00edcios tanto para a sociedade quanto para quem o pratica, sendo uma forma de ajudar quem precisa e fortalecer a comunidade. A doa\u00e7\u00e3o de tempo atrav\u00e9s do voluntariado tem crescido com a conscientiza\u00e7\u00e3o da popula\u00e7\u00e3o, tornando-se uma onda de esperan\u00e7a para aqueles que s\u00e3o ajudados. Al\u00e9m de seu impacto social, o voluntariado tamb\u00e9m gera contribui\u00e7\u00f5es econ\u00f4micas, promovendo uma sociedade mais coesa por meio da constru\u00e7\u00e3o da confian\u00e7a e da reciprocidade entre as pessoas. No Instituto Brotar, acreditamos que a transforma\u00e7\u00e3o do mundo em um lugar melhor come\u00e7a com pequenas atitudes. Para se inscrever em nosso programa de voluntariado, preencha seus dados abaixo e entraremos em contato. Caso n\u00e3o haja vagas dispon\u00edveis no momento, suas informa\u00e7\u00f5es ser\u00e3o mantidas em nosso banco de dados para futuras oportunidades. Voc\u00ea pode fazer a diferen\u00e7a! Venha para o Instituto Brotar e contribua para uma sociedade mais justa e solid\u00e1ria.<\/p>\t\t\t\t\t\t\t\t<\/div>\n\t\t\t\t<\/div>\n\t\t\t\t<\/div>\n\t\t<div class=\"elementor-element elementor-element-3a624d6 e-con-full e-flex e-con e-child\" data-id=\"3a624d6\" data-element_type=\"container\">\n\t\t<div class=\"elementor-element elementor-element-8b26fd4 e-con-full e-flex e-con e-child\" data-id=\"8b26fd4\" data-element_type=\"container\" data-settings=\"{&quot;background_background&quot;:&quot;classic&quot;}\">\n\t\t\t\t<\/div>\n\t\t<div class=\"elementor-element elementor-element-316c0dd e-con-full e-flex e-con e-child\" data-id=\"316c0dd\" data-element_type=\"container\">\n\t\t\t\t<div class=\"elementor-element elementor-element-aba9936 elementor-widget__width-initial elementor-arrows-position-inside elementor-pagination-position-outside elementor-widget elementor-widget-image-carousel\" data-id=\"aba9936\" data-element_type=\"widget\" data-settings=\"{&quot;slides_to_show&quot;:&quot;1&quot;,&quot;navigation&quot;:&quot;both&quot;,&quot;autoplay&quot;:&quot;yes&quot;,&quot;pause_on_hover&quot;:&quot;yes&quot;,&quot;pause_on_interaction&quot;:&quot;yes&quot;,&quot;autoplay_speed&quot;:5000,&quot;infinite&quot;:&quot;yes&quot;,&quot;effect&quot;:&quot;slide&quot;,&quot;speed&quot;:500}\" data-widget_type=\"image-carousel.default\">\n\t\t\t\t<div class=\"elementor-widget-container\">\n\t\t\t\t\t\t\t<div class=\"elementor-image-carousel-wrapper swiper\" role=\"region\" aria-roledescription=\"carousel\" aria-label=\"Carrossel de imagens\" dir=\"ltr\">\n\t\t\t<div class=\"elementor-image-carousel swiper-wrapper\" aria-live=\"off\">\n\t\t\t\t\t\t\t\t<div class=\"swiper-slide\" role=\"group\" aria-roledescription=\"slide\" aria-label=\"1 de 1\"><figure class=\"swiper-slide-inner\"><img decoding=\"async\" class=\"swiper-slide-image\" src=\"https:\/\/institutobrotar.org.br\/wp-content\/uploads\/elementor\/thumbs\/Snapinst.app_470092224_18253400389283034_1548047241087538406_n_1080-1-r4xihc8r73pp8jbakphz0vp2n1gn9fexvhkrhi6kkg.png\" alt=\"Snapinst.app_470092224_18253400389283034_1548047241087538406_n_1080 1\" \/><\/figure><\/div>\t\t\t<\/div>\n\t\t\t\t\t<\/div>\n\t\t\t\t\t\t<\/div>\n\t\t\t\t<\/div>\n\t\t\t\t<\/div>\n\t\t\t\t<\/div>\n\t\t\t\t\t<\/div>\n\t\t\t\t<\/div>\n\t\t\t\t<\/div>\n\t\t","protected":false},"excerpt":{"rendered":"<p>SEJA UM VOLUNT\u00c1RIO! Doe seu tempo e transforme vidas! O voluntariado traz benef\u00edcios tanto para a sociedade quanto para quem o pratica, sendo uma forma de ajudar quem precisa e fortalecer a comunidade. A doa\u00e7\u00e3o de tempo atrav\u00e9s do voluntariado tem crescido com a conscientiza\u00e7\u00e3o da popula\u00e7\u00e3o, tornando-se uma onda de esperan\u00e7a para aqueles que [&hellip;]<\/p>\n","protected":false},"author":1,"featured_media":0,"parent":0,"menu_order":0,"comment_status":"closed","ping_status":"closed","template":"","meta":{"zakra_page_container_layout":"customizer","zakra_page_sidebar_layout":"customizer","zakra_remove_content_margin":false,"zakra_sidebar":"customizer","zakra_transparent_header":"customizer","zakra_logo":0,"zakra_main_header_style":"default","zakra_menu_item_color":"","zakra_menu_item_hover_color":"","zakra_menu_item_active_color":"","zakra_menu_active_style":"","zakra_page_header":true,"om_disable_all_campaigns":false,"_monsterinsights_skip_tracking":false,"_monsterinsights_sitenote_active":false,"_monsterinsights_sitenote_note":"","_monsterinsights_sitenote_category":0,"footnotes":""},"class_list":["post-2358","page","type-page","status-publish","hentry"],"aioseo_notices":[],"_links":{"self":[{"href":"https:\/\/institutobrotar.org.br\/index.php\/wp-json\/wp\/v2\/pages\/2358","targetHints":{"allow":["GET"]}}],"collection":[{"href":"https:\/\/institutobrotar.org.br\/index.php\/wp-json\/wp\/v2\/pages"}],"about":[{"href":"https:\/\/institutobrotar.org.br\/index.php\/wp-json\/wp\/v2\/types\/page"}],"author":[{"embeddable":true,"href":"https:\/\/institutobrotar.org.br\/index.php\/wp-json\/wp\/v2\/users\/1"}],"replies":[{"embeddable":true,"href":"https:\/\/institutobrotar.org.br\/index.php\/wp-json\/wp\/v2\/comments?post=2358"}],"version-history":[{"count":10,"href":"https:\/\/institutobrotar.org.br\/index.php\/wp-json\/wp\/v2\/pages\/2358\/revisions"}],"predecessor-version":[{"id":2488,"href":"https:\/\/institutobrotar.org.br\/index.php\/wp-json\/wp\/v2\/pages\/2358\/revisions\/2488"}],"wp:attachment":[{"href":"https:\/\/institutobrotar.org.br\/index.php\/wp-json\/wp\/v2\/media?parent=2358"}],"curies":[{"name":"wp","href":"https:\/\/api.w.org\/{rel}","templated":true}]}}