{"id":1534,"date":"2023-01-18T20:26:22","date_gmt":"2023-01-18T20:26:22","guid":{"rendered":"https:\/\/institutobrotar.org.br\/?page_id=1534"},"modified":"2025-10-24T15:53:21","modified_gmt":"2025-10-24T15:53:21","slug":"transparencia","status":"publish","type":"page","link":"https:\/\/institutobrotar.org.br\/index.php\/transparencia\/","title":{"rendered":"Transpar\u00eancia"},"content":{"rendered":"\t\t<div data-elementor-type=\"wp-page\" data-elementor-id=\"1534\" class=\"elementor elementor-1534\" data-elementor-settings=\"{&quot;element_pack_global_tooltip_width&quot;:{&quot;unit&quot;:&quot;px&quot;,&quot;size&quot;:&quot;&quot;,&quot;sizes&quot;:[]},&quot;element_pack_global_tooltip_width_tablet&quot;:{&quot;unit&quot;:&quot;px&quot;,&quot;size&quot;:&quot;&quot;,&quot;sizes&quot;:[]},&quot;element_pack_global_tooltip_width_mobile&quot;:{&quot;unit&quot;:&quot;px&quot;,&quot;size&quot;:&quot;&quot;,&quot;sizes&quot;:[]},&quot;element_pack_global_tooltip_padding&quot;:{&quot;unit&quot;:&quot;px&quot;,&quot;top&quot;:&quot;&quot;,&quot;right&quot;:&quot;&quot;,&quot;bottom&quot;:&quot;&quot;,&quot;left&quot;:&quot;&quot;,&quot;isLinked&quot;:true},&quot;element_pack_global_tooltip_padding_tablet&quot;:{&quot;unit&quot;:&quot;px&quot;,&quot;top&quot;:&quot;&quot;,&quot;right&quot;:&quot;&quot;,&quot;bottom&quot;:&quot;&quot;,&quot;left&quot;:&quot;&quot;,&quot;isLinked&quot;:true},&quot;element_pack_global_tooltip_padding_mobile&quot;:{&quot;unit&quot;:&quot;px&quot;,&quot;top&quot;:&quot;&quot;,&quot;right&quot;:&quot;&quot;,&quot;bottom&quot;:&quot;&quot;,&quot;left&quot;:&quot;&quot;,&quot;isLinked&quot;:true},&quot;element_pack_global_tooltip_border_radius&quot;:{&quot;unit&quot;:&quot;px&quot;,&quot;top&quot;:&quot;&quot;,&quot;right&quot;:&quot;&quot;,&quot;bottom&quot;:&quot;&quot;,&quot;left&quot;:&quot;&quot;,&quot;isLinked&quot;:true},&quot;element_pack_global_tooltip_border_radius_tablet&quot;:{&quot;unit&quot;:&quot;px&quot;,&quot;top&quot;:&quot;&quot;,&quot;right&quot;:&quot;&quot;,&quot;bottom&quot;:&quot;&quot;,&quot;left&quot;:&quot;&quot;,&quot;isLinked&quot;:true},&quot;element_pack_global_tooltip_border_radius_mobile&quot;:{&quot;unit&quot;:&quot;px&quot;,&quot;top&quot;:&quot;&quot;,&quot;right&quot;:&quot;&quot;,&quot;bottom&quot;:&quot;&quot;,&quot;left&quot;:&quot;&quot;,&quot;isLinked&quot;:true}}\" data-elementor-post-type=\"page\">\n\t\t\t\t<div class=\"elementor-element elementor-element-22ba00d elementor-hidden-mobile e-flex e-con-boxed e-con e-parent\" data-id=\"22ba00d\" data-element_type=\"container\" data-settings=\"{&quot;background_background&quot;:&quot;slideshow&quot;,&quot;background_slideshow_gallery&quot;:[{&quot;id&quot;:2652,&quot;url&quot;:&quot;https:\\\/\\\/institutobrotar.org.br\\\/wp-content\\\/uploads\\\/2025\\\/05\\\/pexels-karolina-grabowska-5717713-scaled.jpg&quot;}],&quot;background_slideshow_loop&quot;:&quot;yes&quot;,&quot;background_slideshow_slide_duration&quot;:5000,&quot;background_slideshow_slide_transition&quot;:&quot;fade&quot;,&quot;background_slideshow_transition_duration&quot;:500}\">\n\t\t\t\t\t<div class=\"e-con-inner\">\n\t\t\t\t<div class=\"elementor-element elementor-element-26104b2 elementor-widget elementor-widget-image\" data-id=\"26104b2\" data-element_type=\"widget\" data-widget_type=\"image.default\">\n\t\t\t\t<div class=\"elementor-widget-container\">\n\t\t\t\t\t\t\t\t\t\t\t\t\t\t\t<img fetchpriority=\"high\" decoding=\"async\" width=\"300\" height=\"197\" src=\"https:\/\/institutobrotar.org.br\/wp-content\/uploads\/2025\/04\/Group-10@2x-300x197.png\" class=\"attachment-medium size-medium wp-image-2305\" alt=\"\" srcset=\"https:\/\/institutobrotar.org.br\/wp-content\/uploads\/2025\/04\/Group-10@2x-300x197.png 300w, https:\/\/institutobrotar.org.br\/wp-content\/uploads\/2025\/04\/Group-10@2x-1024x671.png 1024w, https:\/\/institutobrotar.org.br\/wp-content\/uploads\/2025\/04\/Group-10@2x-768x504.png 768w, https:\/\/institutobrotar.org.br\/wp-content\/uploads\/2025\/04\/Group-10@2x.png 1121w\" sizes=\"(max-width: 300px) 100vw, 300px\" \/>\t\t\t\t\t\t\t\t\t\t\t\t\t\t\t<\/div>\n\t\t\t\t<\/div>\n\t\t\t\t\t<\/div>\n\t\t\t\t<\/div>\n\t\t<div class=\"elementor-element elementor-element-25096c5 elementor-hidden-desktop e-flex e-con-boxed e-con e-parent\" data-id=\"25096c5\" data-element_type=\"container\" data-settings=\"{&quot;background_background&quot;:&quot;slideshow&quot;,&quot;background_slideshow_gallery&quot;:[{&quot;id&quot;:2652,&quot;url&quot;:&quot;https:\\\/\\\/institutobrotar.org.br\\\/wp-content\\\/uploads\\\/2025\\\/05\\\/pexels-karolina-grabowska-5717713-scaled.jpg&quot;}],&quot;background_slideshow_loop&quot;:&quot;yes&quot;,&quot;background_slideshow_slide_duration&quot;:5000,&quot;background_slideshow_slide_transition&quot;:&quot;fade&quot;,&quot;background_slideshow_transition_duration&quot;:500}\">\n\t\t\t\t\t<div class=\"e-con-inner\">\n\t\t\t\t<div class=\"elementor-element elementor-element-d03a2d5 elementor-widget elementor-widget-image\" data-id=\"d03a2d5\" data-element_type=\"widget\" data-widget_type=\"image.default\">\n\t\t\t\t<div class=\"elementor-widget-container\">\n\t\t\t\t\t\t\t\t\t\t\t\t\t\t\t<img fetchpriority=\"high\" decoding=\"async\" width=\"300\" height=\"197\" src=\"https:\/\/institutobrotar.org.br\/wp-content\/uploads\/2025\/04\/Group-10@2x-300x197.png\" class=\"attachment-medium size-medium wp-image-2305\" alt=\"\" srcset=\"https:\/\/institutobrotar.org.br\/wp-content\/uploads\/2025\/04\/Group-10@2x-300x197.png 300w, https:\/\/institutobrotar.org.br\/wp-content\/uploads\/2025\/04\/Group-10@2x-1024x671.png 1024w, https:\/\/institutobrotar.org.br\/wp-content\/uploads\/2025\/04\/Group-10@2x-768x504.png 768w, https:\/\/institutobrotar.org.br\/wp-content\/uploads\/2025\/04\/Group-10@2x.png 1121w\" sizes=\"(max-width: 300px) 100vw, 300px\" \/>\t\t\t\t\t\t\t\t\t\t\t\t\t\t\t<\/div>\n\t\t\t\t<\/div>\n\t\t\t\t\t<\/div>\n\t\t\t\t<\/div>\n\t\t<div class=\"elementor-element elementor-element-41ff51d e-flex e-con-boxed e-con e-parent\" data-id=\"41ff51d\" data-element_type=\"container\">\n\t\t\t\t\t<div class=\"e-con-inner\">\n\t\t<div class=\"elementor-element elementor-element-5a3ca3e e-con-full e-flex e-con e-child\" data-id=\"5a3ca3e\" data-element_type=\"container\">\n\t\t\t\t<div class=\"elementor-element elementor-element-6986406 elementor-widget elementor-widget-heading\" data-id=\"6986406\" data-element_type=\"widget\" data-widget_type=\"heading.default\">\n\t\t\t\t<div class=\"elementor-widget-container\">\n\t\t\t\t\t<h2 class=\"elementor-heading-title elementor-size-default\">TRANSPAR\u00caNCIA<\/h2>\t\t\t\t<\/div>\n\t\t\t\t<\/div>\n\t\t<div class=\"elementor-element elementor-element-34a96ec e-con-full e-flex e-con e-child\" data-id=\"34a96ec\" data-element_type=\"container\">\n\t\t\t\t<div class=\"elementor-element elementor-element-4a6adc6 elementor-widget elementor-widget-text-editor\" data-id=\"4a6adc6\" data-element_type=\"widget\" data-widget_type=\"text-editor.default\">\n\t\t\t\t<div class=\"elementor-widget-container\">\n\t\t\t\t\t\t\t\t\t<p>No Instituto Brotar, a transpar\u00eancia \u00e9 um compromisso essencial e um dos pilares que sustentam nossa atua\u00e7\u00e3o. Reconhecido por sua transpar\u00eancia e responsabilidade, o Instituto disponibiliza certid\u00f5es, contratos, documentos de constitui\u00e7\u00e3o e presta\u00e7\u00e3o de contas, permitindo que todos acompanhem de perto a gest\u00e3o dos recursos e o impacto dos nossos projetos. Nosso compromisso vai al\u00e9m da presta\u00e7\u00e3o de contas; buscamos fortalecer a confian\u00e7a de parceiros, volunt\u00e1rios e da sociedade, garantindo \u00e9tica, credibilidade e responsabilidade em cada a\u00e7\u00e3o realizada. Acreditamos que uma gest\u00e3o clara e acess\u00edvel \u00e9 fundamental para construir um futuro mais justo e sustent\u00e1vel para todos.\u200b<\/p>\t\t\t\t\t\t\t\t<\/div>\n\t\t\t\t<\/div>\n\t\t\t\t<\/div>\n\t\t\t\t<\/div>\n\t\t<div class=\"elementor-element elementor-element-7548e2d e-con-full e-flex e-con e-child\" data-id=\"7548e2d\" data-element_type=\"container\">\n\t\t\t\t<div class=\"elementor-element elementor-element-e6ad755 elementor-widget elementor-widget-image\" data-id=\"e6ad755\" data-element_type=\"widget\" data-widget_type=\"image.default\">\n\t\t\t\t<div class=\"elementor-widget-container\">\n\t\t\t\t\t\t\t\t\t\t\t\t\t\t\t<img decoding=\"async\" width=\"585\" height=\"444\" src=\"https:\/\/institutobrotar.org.br\/wp-content\/uploads\/2025\/04\/image-11.png\" class=\"attachment-large size-large wp-image-2330\" alt=\"\" srcset=\"https:\/\/institutobrotar.org.br\/wp-content\/uploads\/2025\/04\/image-11.png 585w, https:\/\/institutobrotar.org.br\/wp-content\/uploads\/2025\/04\/image-11-300x228.png 300w\" sizes=\"(max-width: 585px) 100vw, 585px\" \/>\t\t\t\t\t\t\t\t\t\t\t\t\t\t\t<\/div>\n\t\t\t\t<\/div>\n\t\t\t\t<div class=\"elementor-element elementor-element-fa68804 elementor-align-center elementor-widget elementor-widget-button\" data-id=\"fa68804\" data-element_type=\"widget\" data-widget_type=\"button.default\">\n\t\t\t\t<div class=\"elementor-widget-container\">\n\t\t\t\t\t\t\t\t\t<div class=\"elementor-button-wrapper\">\n\t\t\t\t\t<a class=\"elementor-button elementor-button-link elementor-size-sm elementor-animation-grow\" href=\"https:\/\/linktr.ee\/ajudeoinstitutobrotar\">\n\t\t\t\t\t\t<span class=\"elementor-button-content-wrapper\">\n\t\t\t\t\t\t\t\t\t<span class=\"elementor-button-text\">FA\u00c7A UMA DOA\u00c7\u00c3O<\/span>\n\t\t\t\t\t<\/span>\n\t\t\t\t\t<\/a>\n\t\t\t\t<\/div>\n\t\t\t\t\t\t\t\t<\/div>\n\t\t\t\t<\/div>\n\t\t\t\t<\/div>\n\t\t\t\t\t<\/div>\n\t\t\t\t<\/div>\n\t\t\t\t<section class=\"elementor-section elementor-top-section elementor-element elementor-element-1eb89e7 elementor-section-boxed elementor-section-height-default elementor-section-height-default\" data-id=\"1eb89e7\" data-element_type=\"section\">\n\t\t\t\t\t\t<div class=\"elementor-container elementor-column-gap-default\">\n\t\t\t\t\t<div class=\"elementor-column elementor-col-100 elementor-top-column elementor-element elementor-element-de197d0\" data-id=\"de197d0\" data-element_type=\"column\">\n\t\t\t<div class=\"elementor-widget-wrap elementor-element-populated\">\n\t\t\t\t\t\t<div class=\"elementor-element elementor-element-9df39ae elementor-widget__width-initial elementor-widget elementor-widget-heading\" data-id=\"9df39ae\" data-element_type=\"widget\" data-widget_type=\"heading.default\">\n\t\t\t\t<div class=\"elementor-widget-container\">\n\t\t\t\t\t<h2 class=\"elementor-heading-title elementor-size-default\">ACOMPANHE NOSSA GEST\u00c3O<\/h2>\t\t\t\t<\/div>\n\t\t\t\t<\/div>\n\t\t\t\t<div class=\"elementor-element elementor-element-3908e4a elementor-widget elementor-widget-text-editor\" data-id=\"3908e4a\" data-element_type=\"widget\" data-widget_type=\"text-editor.default\">\n\t\t\t\t<div class=\"elementor-widget-container\">\n\t\t\t\t\t\t\t\t\t<p><span style=\"text-align: justify; white-space-collapse: preserve;\">Nossos parceiros e apoiadores s\u00e3o parte essencial da transforma\u00e7\u00e3o que promovemos no Semi\u00e1rido Cearense. Empresas, organiza\u00e7\u00f5es e pessoas comprometidas caminham ao nosso lado, fortalecendo nossas a\u00e7\u00f5es e garantindo que mais fam\u00edlias do campo tenham acesso a oportunidades, seguran\u00e7a alimentar e desenvolvimento sustent\u00e1vel. Juntos, cultivamos um futuro mais justo e pr\u00f3spero!<\/span><\/p>\t\t\t\t\t\t\t\t<\/div>\n\t\t\t\t<\/div>\n\t\t\t\t<section class=\"elementor-section elementor-inner-section elementor-element elementor-element-7c8d172 elementor-section-boxed elementor-section-height-default elementor-section-height-default\" data-id=\"7c8d172\" data-element_type=\"section\">\n\t\t\t\t\t\t<div class=\"elementor-container elementor-column-gap-default\">\n\t\t\t\t\t<div class=\"elementor-column elementor-col-100 elementor-inner-column elementor-element elementor-element-85a7c5c\" data-id=\"85a7c5c\" data-element_type=\"column\">\n\t\t\t<div class=\"elementor-widget-wrap elementor-element-populated\">\n\t\t\t\t\t\t<div class=\"elementor-element elementor-element-a59d073 elementor-widget__width-initial elementor-widget-mobile__width-inherit elementor-widget elementor-widget-accordion\" data-id=\"a59d073\" data-element_type=\"widget\" data-widget_type=\"accordion.default\">\n\t\t\t\t<div class=\"elementor-widget-container\">\n\t\t\t\t\t\t\t<div class=\"elementor-accordion\">\n\t\t\t\t\t\t\t<div class=\"elementor-accordion-item\">\n\t\t\t\t\t<div id=\"elementor-tab-title-1731\" class=\"elementor-tab-title\" data-tab=\"1\" role=\"button\" aria-controls=\"elementor-tab-content-1731\" aria-expanded=\"false\">\n\t\t\t\t\t\t\t\t\t\t\t\t\t<span class=\"elementor-accordion-icon elementor-accordion-icon-right\" aria-hidden=\"true\">\n\t\t\t\t\t\t\t\t\t\t\t\t\t\t\t<span class=\"elementor-accordion-icon-closed\"><i class=\"fas fa-caret-down\"><\/i><\/span>\n\t\t\t\t\t\t\t\t<span class=\"elementor-accordion-icon-opened\"><i class=\"fas fa-angle-up\"><\/i><\/span>\n\t\t\t\t\t\t\t\t\t\t\t\t\t\t<\/span>\n\t\t\t\t\t\t\t\t\t\t\t\t<a class=\"elementor-accordion-title\" tabindex=\"0\">Certid\u00f5es e Editais<\/a>\n\t\t\t\t\t<\/div>\n\t\t\t\t\t<div id=\"elementor-tab-content-1731\" class=\"elementor-tab-content elementor-clearfix\" data-tab=\"1\" role=\"region\" aria-labelledby=\"elementor-tab-title-1731\"><ul><li><a href=\"https:\/\/drive.google.com\/drive\/u\/2\/folders\/1hjYds-De3x3VwkAiIaeJL-wV8iXdggFx\" target=\"_blank\" rel=\"noopener\">Certid\u00f5es, Certificados e Contratos.<\/a><\/li><li><a href=\"https:\/\/drive.google.com\/file\/d\/16MZy03nYtGym7AsE21oBqIFeB9n71flc\/view?usp=sharing\">Edital Simplificado no Projeto Arte Para Todos<\/a>\u00a0<\/li><li><a href=\"https:\/\/drive.google.com\/file\/d\/1mjJors-F9RRCgEVA2kzuwF2c4smfSkKN\/view?usp=sharing\">Aditivo do edital simplificado arte para todos<\/a><\/li><li><a href=\"https:\/\/drive.google.com\/file\/d\/1wkWqOwQcbhD_n2R8XGMjH6Soz58hDSqT\/view?usp=sharing\"><strong>Resultado final do edital Arte Para Todos<\/strong><\/a><\/li><\/ul><\/div>\n\t\t\t\t<\/div>\n\t\t\t\t\t\t\t\t<\/div>\n\t\t\t\t\t\t<\/div>\n\t\t\t\t<\/div>\n\t\t\t\t\t<\/div>\n\t\t<\/div>\n\t\t\t\t\t<\/div>\n\t\t<\/section>\n\t\t\t\t\t<\/div>\n\t\t<\/div>\n\t\t\t\t\t<\/div>\n\t\t<\/section>\n\t\t\t\t<section class=\"elementor-section elementor-top-section elementor-element elementor-element-e41ab5e elementor-section-boxed elementor-section-height-default elementor-section-height-default\" data-id=\"e41ab5e\" data-element_type=\"section\">\n\t\t\t\t\t\t<div class=\"elementor-container elementor-column-gap-default\">\n\t\t\t\t\t<div class=\"elementor-column elementor-col-100 elementor-top-column elementor-element elementor-element-449af16\" data-id=\"449af16\" data-element_type=\"column\">\n\t\t\t<div class=\"elementor-widget-wrap elementor-element-populated\">\n\t\t\t\t\t\t<div class=\"elementor-element elementor-element-f62364b elementor-widget elementor-widget-heading\" data-id=\"f62364b\" data-element_type=\"widget\" data-widget_type=\"heading.default\">\n\t\t\t\t<div class=\"elementor-widget-container\">\n\t\t\t\t\t<h2 class=\"elementor-heading-title elementor-size-default\">CONHE\u00c7A NOSSOS PARCEIROS E APOIADORES<\/h2>\t\t\t\t<\/div>\n\t\t\t\t<\/div>\n\t\t\t\t<div class=\"elementor-element elementor-element-a8d25fa elementor-pagination-position-outside elementor-widget elementor-widget-image-carousel\" data-id=\"a8d25fa\" data-element_type=\"widget\" data-settings=\"{&quot;slides_to_show&quot;:&quot;1&quot;,&quot;navigation&quot;:&quot;dots&quot;,&quot;autoplay&quot;:&quot;yes&quot;,&quot;pause_on_hover&quot;:&quot;yes&quot;,&quot;pause_on_interaction&quot;:&quot;yes&quot;,&quot;autoplay_speed&quot;:5000,&quot;infinite&quot;:&quot;yes&quot;,&quot;effect&quot;:&quot;slide&quot;,&quot;speed&quot;:500}\" data-widget_type=\"image-carousel.default\">\n\t\t\t\t<div class=\"elementor-widget-container\">\n\t\t\t\t\t\t\t<div class=\"elementor-image-carousel-wrapper swiper\" role=\"region\" aria-roledescription=\"carousel\" aria-label=\"Carrossel de imagens\" dir=\"ltr\">\n\t\t\t<div class=\"elementor-image-carousel swiper-wrapper\" aria-live=\"off\">\n\t\t\t\t\t\t\t\t<div class=\"swiper-slide\" role=\"group\" aria-roledescription=\"slide\" aria-label=\"1 de 3\"><figure class=\"swiper-slide-inner\"><img decoding=\"async\" class=\"swiper-slide-image\" src=\"https:\/\/institutobrotar.org.br\/wp-content\/uploads\/2023\/01\/1.webp\" alt=\"1\" \/><\/figure><\/div><div class=\"swiper-slide\" role=\"group\" aria-roledescription=\"slide\" aria-label=\"2 de 3\"><figure class=\"swiper-slide-inner\"><img decoding=\"async\" class=\"swiper-slide-image\" src=\"https:\/\/institutobrotar.org.br\/wp-content\/uploads\/2023\/01\/21.webp\" alt=\"21\" \/><\/figure><\/div><div class=\"swiper-slide\" role=\"group\" aria-roledescription=\"slide\" aria-label=\"3 de 3\"><figure class=\"swiper-slide-inner\"><img decoding=\"async\" class=\"swiper-slide-image\" src=\"https:\/\/institutobrotar.org.br\/wp-content\/uploads\/2023\/01\/22.webp\" alt=\"22\" \/><\/figure><\/div>\t\t\t<\/div>\n\t\t\t\t\t\t\t\n\t\t\t\t\t\t\t\t\t<div class=\"swiper-pagination\"><\/div>\n\t\t\t\t\t\t\t\t\t<\/div>\n\t\t\t\t\t\t<\/div>\n\t\t\t\t<\/div>\n\t\t\t\t\t<\/div>\n\t\t<\/div>\n\t\t\t\t\t<\/div>\n\t\t<\/section>\n\t\t\t\t<\/div>\n\t\t","protected":false},"excerpt":{"rendered":"<p>TRANSPAR\u00caNCIA No Instituto Brotar, a transpar\u00eancia \u00e9 um compromisso essencial e um dos pilares que sustentam nossa atua\u00e7\u00e3o. Reconhecido por sua transpar\u00eancia e responsabilidade, o Instituto disponibiliza certid\u00f5es, contratos, documentos de constitui\u00e7\u00e3o e presta\u00e7\u00e3o de contas, permitindo que todos acompanhem de perto a gest\u00e3o dos recursos e o impacto dos nossos projetos. Nosso compromisso vai [&hellip;]<\/p>\n","protected":false},"author":3,"featured_media":0,"parent":0,"menu_order":0,"comment_status":"closed","ping_status":"closed","template":"","meta":{"zakra_page_container_layout":"customizer","zakra_page_sidebar_layout":"customizer","zakra_remove_content_margin":false,"zakra_sidebar":"customizer","zakra_transparent_header":"customizer","zakra_logo":0,"zakra_main_header_style":"default","zakra_menu_item_color":"","zakra_menu_item_hover_color":"","zakra_menu_item_active_color":"","zakra_menu_active_style":"","zakra_page_header":true,"om_disable_all_campaigns":false,"_monsterinsights_skip_tracking":false,"_monsterinsights_sitenote_active":false,"_monsterinsights_sitenote_note":"","_monsterinsights_sitenote_category":0,"footnotes":""},"class_list":["post-1534","page","type-page","status-publish","hentry"],"aioseo_notices":[],"_links":{"self":[{"href":"https:\/\/institutobrotar.org.br\/index.php\/wp-json\/wp\/v2\/pages\/1534","targetHints":{"allow":["GET"]}}],"collection":[{"href":"https:\/\/institutobrotar.org.br\/index.php\/wp-json\/wp\/v2\/pages"}],"about":[{"href":"https:\/\/institutobrotar.org.br\/index.php\/wp-json\/wp\/v2\/types\/page"}],"author":[{"embeddable":true,"href":"https:\/\/institutobrotar.org.br\/index.php\/wp-json\/wp\/v2\/users\/3"}],"replies":[{"embeddable":true,"href":"https:\/\/institutobrotar.org.br\/index.php\/wp-json\/wp\/v2\/comments?post=1534"}],"version-history":[{"count":124,"href":"https:\/\/institutobrotar.org.br\/index.php\/wp-json\/wp\/v2\/pages\/1534\/revisions"}],"predecessor-version":[{"id":3104,"href":"https:\/\/institutobrotar.org.br\/index.php\/wp-json\/wp\/v2\/pages\/1534\/revisions\/3104"}],"wp:attachment":[{"href":"https:\/\/institutobrotar.org.br\/index.php\/wp-json\/wp\/v2\/media?parent=1534"}],"curies":[{"name":"wp","href":"https:\/\/api.w.org\/{rel}","templated":true}]}}